{"id":36,"date":"2022-11-07T19:13:14","date_gmt":"2022-11-07T18:13:14","guid":{"rendered":"https:\/\/huhes.de\/?page_id=36"},"modified":"2024-07-31T10:14:41","modified_gmt":"2024-07-31T08:14:41","slug":"zukunftssicheres-handeln","status":"publish","type":"page","link":"https:\/\/huhes.de\/de\/unternehmen\/zukunftssicheres-handeln\/","title":{"rendered":"Zukunftssicheres Handeln"},"content":{"rendered":"\n<div class=\"wp-block-columns is-layout-flex wp-container-core-columns-is-layout-9d6595d7 wp-block-columns-is-layout-flex\">\n<div class=\"wp-block-column is-layout-flow wp-block-column-is-layout-flow\">\n<figure class=\"wp-block-image size-large is-resized\"><img decoding=\"async\" src=\"https:\/\/huhes.de\/wp-content\/uploads\/2022\/11\/Huhes_Icon_Vision.svg\" alt=\"Saubere Luft zum Schutz von Mensch, Tier, Vegetation und Klima\" class=\"wp-image-335\" style=\"width:50px;height:50px\"\/><\/figure>\n\n\n\n<h2 class=\"wp-block-heading\" id=\"h-unsere-vision\">Unsere Vision<\/h2>\n\n\n\n<p><strong>Planetare Gesundheit&nbsp;<\/strong>\u2013 Eine Welt mit sauberer Luft durch extrem niedrige Emissionen f\u00fcr ALLE &#8211; MENSCH und NATUR.<\/p>\n<\/div>\n<\/div>\n\n\n\n<div class=\"wp-block-nk-awb nk-awb\"><div class=\"nk-awb-wrap\" data-awb-type=\"color\"><div class=\"nk-awb-overlay\" style=\"background: #f8f8f8;\"><\/div><\/div><div class=\"nk-awb-wrap-content is-layout-constrained wp-block-nk-awb-is-layout-constrained\">\n<div class=\"wp-block-columns is-layout-flex wp-container-core-columns-is-layout-9d6595d7 wp-block-columns-is-layout-flex\">\n<div class=\"wp-block-column is-layout-flow wp-block-column-is-layout-flow\">\n<figure class=\"wp-block-image size-large is-resized\"><img decoding=\"async\" src=\"https:\/\/huhes.de\/wp-content\/uploads\/2022\/11\/Huhes_Icon_Mission.svg\" alt=\"Saubere Luft zum Schutz von Mensch, Tier, Vegetation und Klima\" class=\"wp-image-386\" style=\"width:50px\"\/><\/figure>\n\n\n\n<h3 class=\"wp-block-heading\" id=\"h-unsere-mission\">Unsere Mission<\/h3>\n<\/div>\n<\/div>\n\n\n\n<div class=\"wp-block-columns is-layout-flex wp-container-core-columns-is-layout-9d6595d7 wp-block-columns-is-layout-flex\">\n<div class=\"wp-block-column is-layout-flow wp-block-column-is-layout-flow\" style=\"flex-basis:60vw\">\n<p>Saubere Luft zum Schutz von Mensch, Tier, Vegetation und Klima. Daf\u00fcr stehen wir mit&nbsp;<br>unseren L\u00f6sungen \u2013 angepasst an Ihre Applikation, um Abgase zu reinigen.&nbsp;<br>Unser gemeinsames Ziel ist es f\u00fcr einen gesunden Planeten durch saubere Luft zu sorgen.<\/p>\n\n\n\n<p><span class=\"boldE\">Wir l\u00f6sen<\/span> die t\u00e4gliche Herausforderung und entwickeln nachhaltige sowie hochwertige<br>Abgasnachbehandlungssysteme f\u00fcr eine saubere Umwelt.<\/p>\n\n\n\n<p><span class=\"boldE\">Wir entwickeln<\/span> SCR (DeNOx) L\u00f6sungen \u2013 angepasst an Ihre Applikation, um Abgase f\u00fcr<br>station\u00e4re und maritime Verbrennungsmotoren und f\u00fcr nicht-motorische<br>Verbrennungsprozesse zu reinigen.&nbsp;<\/p>\n\n\n\n<p><span class=\"boldE\">Wir spezialisieren<\/span> uns auf die Katalysatorauslegung, Entwicklung, SPS-Programmierung,<br>Inbetriebnahme sowie Service und Wartung. &nbsp;<\/p>\n\n\n\n<p><span class=\"boldE\">Wir fokussieren<\/span> uns auf die variable und kleine SCR Katalysatorauslegung und greifen<br>hierbei auf unsere Erfahrung im Service mit mehr als 1000&nbsp;SCR-Anlagen weltweit zur\u00fcck.<\/p>\n\n\n\n<p><span class=\"boldE\">Wir sind<\/span> Profis f\u00fcr die Nische, wo es z. B. keine SCR-L\u00f6sungen der Motorenhersteller gibt.<\/p>\n<\/div>\n\n\n\n<div class=\"wp-block-column notMobile is-layout-flow wp-block-column-is-layout-flow\" style=\"flex-basis:5%\">\n<div style=\"height:100px\" aria-hidden=\"true\" class=\"wp-block-spacer notMobile\"><\/div>\n<\/div>\n\n\n\n<div class=\"wp-block-column is-layout-flow wp-block-column-is-layout-flow\" style=\"padding-top:0px;padding-right:0px;padding-bottom:0px;padding-left:0px;flex-basis:45vw\">\n<div class=\"wp-block-columns is-layout-flex wp-container-core-columns-is-layout-f5e77106 wp-block-columns-is-layout-flex\" style=\"padding-top:0px;padding-right:0px;padding-bottom:0px;padding-left:0px\">\n<div class=\"wp-block-column no-margin mobile-text-break has-white-color has-text-color has-background is-layout-flow wp-block-column-is-layout-flow\" style=\"background-color:#0e70b8;padding-top:10%;padding-right:10%;padding-bottom:10%;padding-left:10%\">\n<p><span class=\"boldE\">Nachhaltigkeit spielt auch in unserem Unternehmen eine gro\u00dfe Rolle:&nbsp;<\/span><\/p>\n\n\n\n<p>\u00bb Ressourcenschonender Umgang<br>\u00bb Papierloses B\u00fcro<br>\u00bb Beleuchtung auf LED umgestellt<br>\u00bb Postversand mit DHL GoGreen<\/p>\n<\/div>\n<\/div>\n<\/div>\n<\/div>\n<\/div><\/div>\n\n\n\n<div class=\"wp-block-nk-awb nk-awb\"><div class=\"nk-awb-wrap\" data-awb-type=\"image\" data-awb-image-background-size=\"cover\" data-awb-image-background-position=\"0% 50%\"><div class=\"nk-awb-inner\"><img loading=\"lazy\" decoding=\"async\" src=\"https:\/\/huhes.de\/wp-content\/uploads\/2022\/12\/csm_Huhes_zukunftssicheres_Handeln_Content1_d29e23f7a1-scaled.jpg\" class=\"wp-image-461 jarallax-img\" alt=\"Detail of sustainable globe with clear blue water, healthy green land and blue sky.\" width=\"2560\" height=\"479\" srcset=\"https:\/\/huhes.de\/wp-content\/uploads\/2022\/12\/csm_Huhes_zukunftssicheres_Handeln_Content1_d29e23f7a1-scaled.jpg 2560w, https:\/\/huhes.de\/wp-content\/uploads\/2022\/12\/csm_Huhes_zukunftssicheres_Handeln_Content1_d29e23f7a1-300x56.jpg 300w, https:\/\/huhes.de\/wp-content\/uploads\/2022\/12\/csm_Huhes_zukunftssicheres_Handeln_Content1_d29e23f7a1-1024x191.jpg 1024w, https:\/\/huhes.de\/wp-content\/uploads\/2022\/12\/csm_Huhes_zukunftssicheres_Handeln_Content1_d29e23f7a1-768x144.jpg 768w, https:\/\/huhes.de\/wp-content\/uploads\/2022\/12\/csm_Huhes_zukunftssicheres_Handeln_Content1_d29e23f7a1-1536x287.jpg 1536w, https:\/\/huhes.de\/wp-content\/uploads\/2022\/12\/csm_Huhes_zukunftssicheres_Handeln_Content1_d29e23f7a1-2048x383.jpg 2048w, https:\/\/huhes.de\/wp-content\/uploads\/2022\/12\/csm_Huhes_zukunftssicheres_Handeln_Content1_d29e23f7a1-500x94.jpg 500w, https:\/\/huhes.de\/wp-content\/uploads\/2022\/12\/csm_Huhes_zukunftssicheres_Handeln_Content1_d29e23f7a1-800x150.jpg 800w, https:\/\/huhes.de\/wp-content\/uploads\/2022\/12\/csm_Huhes_zukunftssicheres_Handeln_Content1_d29e23f7a1-1280x239.jpg 1280w, https:\/\/huhes.de\/wp-content\/uploads\/2022\/12\/csm_Huhes_zukunftssicheres_Handeln_Content1_d29e23f7a1-1920x359.jpg 1920w, https:\/\/huhes.de\/wp-content\/uploads\/2022\/12\/csm_Huhes_zukunftssicheres_Handeln_Content1_d29e23f7a1-1568x293.jpg 1568w\" sizes=\"auto, (max-width: 2560px) 100vw, 2560px\" \/><\/div><\/div><div class=\"nk-awb-wrap-content is-layout-constrained wp-block-nk-awb-is-layout-constrained\">\n<div class=\"wp-block-columns is-layout-flex wp-container-core-columns-is-layout-9d6595d7 wp-block-columns-is-layout-flex\">\n<div class=\"wp-block-column is-layout-flow wp-block-column-is-layout-flow\"><div class=\"zitat zitat-block\"><div>\n<div>&bdquo;Das h&ouml;chste Lob f&uuml;r uns ist die Best&auml;tigung<br \/>unseres Kunden, indem er <strong>ein zweites Mal<br \/><\/strong>auf unsere Leistungen vertraut.&rdquo;<\/div>\n<\/div><\/div><\/div>\n<\/div>\n<\/div><\/div>\n\n\n\n<div class=\"wp-block-columns is-layout-flex wp-container-core-columns-is-layout-9d6595d7 wp-block-columns-is-layout-flex\">\n<div class=\"wp-block-column is-layout-flow wp-block-column-is-layout-flow\">\n<figure class=\"wp-block-image size-large is-resized\"><img decoding=\"async\" src=\"https:\/\/huhes.de\/wp-content\/uploads\/2022\/11\/Huhes_Icon_Werte-1.svg\" alt=\"Saubere Luft zum Schutz von Mensch, Tier, Vegetation und Klima\" class=\"wp-image-403\" style=\"width:50px\"\/><\/figure>\n\n\n\n<h3 class=\"wp-block-heading\" id=\"h-unsere-werte\">Unsere Werte<\/h3>\n\n\n\n<p class=\"margin-bottom-none\"><strong>Wir wertsch\u00e4tzen<\/strong> die Kulturen und Gesetze der L\u00e4nder, in welchen wir t\u00e4tig sind.<\/p>\n\n\n\n<ul class=\"wp-block-list double-arrows\">\n<li>Wir halten uns stetig auf dem aktuellen Stand der Technik und Gesetzgebung.<\/li>\n\n\n\n<li>Wir arbeiten serviceorientiert mit eigenen Servicetechnikern, Servicepartnern sowie weltweiten Repr\u00e4sentanten und sorgen f\u00fcr eine hohe Ersatzteilverf\u00fcgbarkeit.<\/li>\n<\/ul>\n\n\n\n<p class=\"margin-bottom-none\"><span class=\"boldE\">Wir respektieren die Interessen unserer Kunden, Kollegen, Partner und Lieferanten.<\/span><\/p>\n\n\n\n<ul class=\"wp-block-list double-arrows\">\n<li>Wir kommunizieren mit unseren Kunden, Kollegen und Partnern auf Augenh\u00f6he und stellen die absolute Zufriedenheit unserer Kunden in den Mittelpunkt.<\/li>\n\n\n\n<li>Wir verwirklichen erfolgreich mit unseren erfahrenen und hochqualifizierten Kollegen im etablierten Projektmanagement unsere Kundenprojekte.<\/li>\n<\/ul>\n\n\n\n<p class=\"margin-bottom-none\" style=\"padding-top:0px;padding-right:0px;padding-bottom:0px;padding-left:0px\"><span class=\"boldE\">Wir entwickeln <\/span>unsere Strukturen und Prozesse st\u00e4ndig weiter.<\/p>\n\n\n\n<ul class=\"wp-block-list double-arrows\">\n<li>Wir \u00fcberwachen und \u00fcberpr\u00fcfen unsere Prozesse, indem wir unser Handeln im Unternehmen durch Einf\u00fchren der eines Managementsystems, welches nach der DIN ISO 9001 zertifiziert ist. (<a href=\"https:\/\/huhes.de\/wp-content\/uploads\/2023\/01\/H_H_DIN_ISO_9001_deutsch.pdf\">Download<\/a>)<\/li>\n\n\n\n<li>Wir erf\u00fcllen Kundenanforderungen sowie geltende gesetzliche und beh\u00f6rdliche Vorgaben und orientieren uns an den neuesten Marktentwicklungen.<\/li>\n<\/ul>\n<\/div>\n\n\n\n<div class=\"wp-block-column is-layout-flow wp-block-column-is-layout-flow\" style=\"flex-basis:30%\">\n<figure class=\"wp-block-image size-large\"><img loading=\"lazy\" decoding=\"async\" width=\"724\" height=\"1024\" src=\"https:\/\/huhes.de\/wp-content\/uploads\/2022\/11\/csm_H_H_DIN_ISO_9001_deutsch_c055bc106b-724x1024.png\" alt=\"Zu sehen ist ein Qualit\u00e4tsmanagement Zertifikat f\u00fcr Engineering, Inbetriebnahme und Service von Abgasreinigungsanlagen.\" class=\"wp-image-401\" title=\"H+H Engineering &amp; Service ist zertifiziert \" srcset=\"https:\/\/huhes.de\/wp-content\/uploads\/2022\/11\/csm_H_H_DIN_ISO_9001_deutsch_c055bc106b-724x1024.png 724w, https:\/\/huhes.de\/wp-content\/uploads\/2022\/11\/csm_H_H_DIN_ISO_9001_deutsch_c055bc106b-212x300.png 212w, https:\/\/huhes.de\/wp-content\/uploads\/2022\/11\/csm_H_H_DIN_ISO_9001_deutsch_c055bc106b-768x1087.png 768w, https:\/\/huhes.de\/wp-content\/uploads\/2022\/11\/csm_H_H_DIN_ISO_9001_deutsch_c055bc106b-1085x1536.png 1085w, https:\/\/huhes.de\/wp-content\/uploads\/2022\/11\/csm_H_H_DIN_ISO_9001_deutsch_c055bc106b-1447x2048.png 1447w, https:\/\/huhes.de\/wp-content\/uploads\/2022\/11\/csm_H_H_DIN_ISO_9001_deutsch_c055bc106b-500x708.png 500w, https:\/\/huhes.de\/wp-content\/uploads\/2022\/11\/csm_H_H_DIN_ISO_9001_deutsch_c055bc106b-800x1132.png 800w, https:\/\/huhes.de\/wp-content\/uploads\/2022\/11\/csm_H_H_DIN_ISO_9001_deutsch_c055bc106b-1280x1812.png 1280w, https:\/\/huhes.de\/wp-content\/uploads\/2022\/11\/csm_H_H_DIN_ISO_9001_deutsch_c055bc106b-1920x2717.png 1920w, https:\/\/huhes.de\/wp-content\/uploads\/2022\/11\/csm_H_H_DIN_ISO_9001_deutsch_c055bc106b-1568x2219.png 1568w\" sizes=\"auto, (max-width: 724px) 100vw, 724px\" \/><\/figure>\n<\/div>\n<\/div>\n\n\n\n<div class=\"wp-block-nk-awb nk-awb white\"><div class=\"nk-awb-wrap\" data-awb-type=\"image\" data-awb-image-background-size=\"cover\" data-awb-image-background-position=\"50% 0%\"><div class=\"nk-awb-inner\"><img loading=\"lazy\" decoding=\"async\" src=\"https:\/\/huhes.de\/wp-content\/uploads\/2022\/11\/Huhes_zukunftssicheres_Handeln_Projekte-1-scaled.jpg\" class=\"wp-image-397 jarallax-img\" width=\"2560\" height=\"803\" srcset=\"https:\/\/huhes.de\/wp-content\/uploads\/2022\/11\/Huhes_zukunftssicheres_Handeln_Projekte-1-scaled.jpg 2560w, https:\/\/huhes.de\/wp-content\/uploads\/2022\/11\/Huhes_zukunftssicheres_Handeln_Projekte-1-300x94.jpg 300w, https:\/\/huhes.de\/wp-content\/uploads\/2022\/11\/Huhes_zukunftssicheres_Handeln_Projekte-1-1024x321.jpg 1024w, https:\/\/huhes.de\/wp-content\/uploads\/2022\/11\/Huhes_zukunftssicheres_Handeln_Projekte-1-768x241.jpg 768w, https:\/\/huhes.de\/wp-content\/uploads\/2022\/11\/Huhes_zukunftssicheres_Handeln_Projekte-1-1536x482.jpg 1536w, https:\/\/huhes.de\/wp-content\/uploads\/2022\/11\/Huhes_zukunftssicheres_Handeln_Projekte-1-2048x642.jpg 2048w, https:\/\/huhes.de\/wp-content\/uploads\/2022\/11\/Huhes_zukunftssicheres_Handeln_Projekte-1-500x157.jpg 500w, https:\/\/huhes.de\/wp-content\/uploads\/2022\/11\/Huhes_zukunftssicheres_Handeln_Projekte-1-800x251.jpg 800w, https:\/\/huhes.de\/wp-content\/uploads\/2022\/11\/Huhes_zukunftssicheres_Handeln_Projekte-1-1280x401.jpg 1280w, https:\/\/huhes.de\/wp-content\/uploads\/2022\/11\/Huhes_zukunftssicheres_Handeln_Projekte-1-1920x602.jpg 1920w, https:\/\/huhes.de\/wp-content\/uploads\/2022\/11\/Huhes_zukunftssicheres_Handeln_Projekte-1-1568x492.jpg 1568w\" sizes=\"auto, (max-width: 2560px) 100vw, 2560px\" \/><\/div><\/div><div class=\"nk-awb-wrap-content is-layout-constrained wp-block-nk-awb-is-layout-constrained\">\n<h4 class=\"wp-block-heading has-white-color has-text-color\" id=\"h-zahlreiche-projekte-und-zufriedene-kunden\">Zahlreiche Projekte und zufriedene Kunden<\/h4>\n\n\n\n<h3 class=\"wp-block-heading has-white-color has-text-color\" id=\"h-unsere-referenzen-sprechen-fur-sich\">Unsere Referenzen sprechen f\u00fcr sich<\/h3>\n\n\n\n<p class=\"has-white-color has-text-color\">Unsere Kunden aus dem maritimen, station\u00e4ren und<br>Gew\u00e4chshaussektor vertrauen auf unsere Expertise<br>in der Inbetriebnahme sowie im Service und in der Wartung.<\/p>\n\n\n\n<p class=\"has-white-color has-text-color\"><a href=\"\/de\/referenzen\/\">\u00bb Mehr erfahren<\/a><\/p>\n<\/div><\/div>\n","protected":false},"excerpt":{"rendered":"<p>Unsere Vision Planetare Gesundheit&nbsp;\u2013 Eine Welt mit sauberer Luft durch extrem niedrige Emissionen f\u00fcr ALLE &#8211; MENSCH und NATUR. Unsere Werte Wir wertsch\u00e4tzen die Kulturen und Gesetze der L\u00e4nder, in welchen wir t\u00e4tig sind. Wir respektieren die Interessen unserer Kunden, Kollegen, Partner und Lieferanten. Wir entwickeln unsere Strukturen und Prozesse st\u00e4ndig weiter.<\/p>\n","protected":false},"author":8,"featured_media":325,"parent":8,"menu_order":21,"comment_status":"closed","ping_status":"closed","template":"","meta":{"_acf_changed":false,"inline_featured_image":false,"footnotes":""},"class_list":["post-36","page","type-page","status-publish","has-post-thumbnail","hentry","entry"],"acf":[],"yoast_head":"<!-- This site is optimized with the Yoast SEO Premium plugin v27.3 (Yoast SEO v27.3) - https:\/\/yoast.com\/product\/yoast-seo-premium-wordpress\/ -->\n<title>SCR (DeNOx) L\u00f6sungen \u2013 angepasst an Ihre Applikation<\/title>\n<meta name=\"description\" content=\"Wir finden L\u00f6sungen f\u00fcr SCR Katalysatoren, um Abgase auf umweltvertr\u00e4gliche Standards zu reinigen \u25ba Mehr erfahren! \u260e +49 (0) 9131 97009-0\" \/>\n<meta name=\"robots\" content=\"index, follow, max-snippet:-1, max-image-preview:large, max-video-preview:-1\" \/>\n<link rel=\"canonical\" href=\"https:\/\/huhes.de\/de\/unternehmen\/zukunftssicheres-handeln\/\" \/>\n<meta property=\"og:locale\" content=\"de_DE\" \/>\n<meta property=\"og:type\" content=\"article\" \/>\n<meta property=\"og:title\" content=\"Zukunftssicheres Handeln\" \/>\n<meta property=\"og:description\" content=\"Wir finden L\u00f6sungen f\u00fcr SCR Katalysatoren, um Abgase auf umweltvertr\u00e4gliche Standards zu reinigen \u25ba Mehr erfahren! \u260e +49 (0) 9131 97009-0\" \/>\n<meta property=\"og:url\" content=\"https:\/\/huhes.de\/de\/unternehmen\/zukunftssicheres-handeln\/\" \/>\n<meta property=\"og:site_name\" content=\"H+H Engineering &amp; Service GmbH\" \/>\n<meta property=\"article:publisher\" content=\"https:\/\/www.facebook.com\/www.huhes.de\" \/>\n<meta property=\"article:modified_time\" content=\"2024-07-31T08:14:41+00:00\" \/>\n<meta property=\"og:image\" content=\"https:\/\/huhes.de\/wp-content\/uploads\/2022\/11\/Huhes_zukunftssicheres_Handeln_Header-scaled.jpg\" \/>\n\t<meta property=\"og:image:width\" content=\"2560\" \/>\n\t<meta property=\"og:image:height\" content=\"799\" \/>\n\t<meta property=\"og:image:type\" content=\"image\/jpeg\" \/>\n<meta name=\"twitter:card\" content=\"summary_large_image\" \/>\n<meta name=\"twitter:label1\" content=\"Gesch\u00e4tzte Lesezeit\" \/>\n\t<meta name=\"twitter:data1\" content=\"3\u00a0Minuten\" \/>\n<script type=\"application\/ld+json\" class=\"yoast-schema-graph\">{\"@context\":\"https:\\\/\\\/schema.org\",\"@graph\":[{\"@type\":\"WebPage\",\"@id\":\"https:\\\/\\\/huhes.de\\\/de\\\/unternehmen\\\/zukunftssicheres-handeln\\\/\",\"url\":\"https:\\\/\\\/huhes.de\\\/de\\\/unternehmen\\\/zukunftssicheres-handeln\\\/\",\"name\":\"SCR (DeNOx) L\u00f6sungen \u2013 angepasst an Ihre Applikation\",\"isPartOf\":{\"@id\":\"https:\\\/\\\/huhes.de\\\/de\\\/#website\"},\"primaryImageOfPage\":{\"@id\":\"https:\\\/\\\/huhes.de\\\/de\\\/unternehmen\\\/zukunftssicheres-handeln\\\/#primaryimage\"},\"image\":{\"@id\":\"https:\\\/\\\/huhes.de\\\/de\\\/unternehmen\\\/zukunftssicheres-handeln\\\/#primaryimage\"},\"thumbnailUrl\":\"https:\\\/\\\/huhes.de\\\/wp-content\\\/uploads\\\/2022\\\/11\\\/Huhes_zukunftssicheres_Handeln_Header-scaled.jpg\",\"datePublished\":\"2022-11-07T18:13:14+00:00\",\"dateModified\":\"2024-07-31T08:14:41+00:00\",\"description\":\"Wir finden L\u00f6sungen f\u00fcr SCR Katalysatoren, um Abgase auf umweltvertr\u00e4gliche Standards zu reinigen \u25ba Mehr erfahren! \u260e +49 (0) 9131 97009-0\",\"breadcrumb\":{\"@id\":\"https:\\\/\\\/huhes.de\\\/de\\\/unternehmen\\\/zukunftssicheres-handeln\\\/#breadcrumb\"},\"inLanguage\":\"de\",\"potentialAction\":[{\"@type\":\"ReadAction\",\"target\":[\"https:\\\/\\\/huhes.de\\\/de\\\/unternehmen\\\/zukunftssicheres-handeln\\\/\"]}]},{\"@type\":\"ImageObject\",\"inLanguage\":\"de\",\"@id\":\"https:\\\/\\\/huhes.de\\\/de\\\/unternehmen\\\/zukunftssicheres-handeln\\\/#primaryimage\",\"url\":\"https:\\\/\\\/huhes.de\\\/wp-content\\\/uploads\\\/2022\\\/11\\\/Huhes_zukunftssicheres_Handeln_Header-scaled.jpg\",\"contentUrl\":\"https:\\\/\\\/huhes.de\\\/wp-content\\\/uploads\\\/2022\\\/11\\\/Huhes_zukunftssicheres_Handeln_Header-scaled.jpg\",\"width\":2560,\"height\":799,\"caption\":\"Test\"},{\"@type\":\"BreadcrumbList\",\"@id\":\"https:\\\/\\\/huhes.de\\\/de\\\/unternehmen\\\/zukunftssicheres-handeln\\\/#breadcrumb\",\"itemListElement\":[{\"@type\":\"ListItem\",\"position\":1,\"name\":\"Startseite\",\"item\":\"https:\\\/\\\/huhes.de\\\/de\\\/\"},{\"@type\":\"ListItem\",\"position\":2,\"name\":\"Unternehmen\",\"item\":\"https:\\\/\\\/huhes.de\\\/de\\\/unternehmen\\\/\"},{\"@type\":\"ListItem\",\"position\":3,\"name\":\"Zukunftssicheres Handeln\"}]},{\"@type\":\"WebSite\",\"@id\":\"https:\\\/\\\/huhes.de\\\/de\\\/#website\",\"url\":\"https:\\\/\\\/huhes.de\\\/de\\\/\",\"name\":\"H+H Engineering & Service GmbH\",\"description\":\"\",\"publisher\":{\"@id\":\"https:\\\/\\\/huhes.de\\\/de\\\/#organization\"},\"potentialAction\":[{\"@type\":\"SearchAction\",\"target\":{\"@type\":\"EntryPoint\",\"urlTemplate\":\"https:\\\/\\\/huhes.de\\\/de\\\/?s={search_term_string}\"},\"query-input\":{\"@type\":\"PropertyValueSpecification\",\"valueRequired\":true,\"valueName\":\"search_term_string\"}}],\"inLanguage\":\"de\"},{\"@type\":\"Organization\",\"@id\":\"https:\\\/\\\/huhes.de\\\/de\\\/#organization\",\"name\":\"H+H Engineering & Service GmbH\",\"alternateName\":\"H+H\",\"url\":\"https:\\\/\\\/huhes.de\\\/de\\\/\",\"logo\":{\"@type\":\"ImageObject\",\"inLanguage\":\"de\",\"@id\":\"https:\\\/\\\/huhes.de\\\/de\\\/#\\\/schema\\\/logo\\\/image\\\/\",\"url\":\"https:\\\/\\\/huhes.de\\\/wp-content\\\/uploads\\\/2023\\\/04\\\/favicon.jpg\",\"contentUrl\":\"https:\\\/\\\/huhes.de\\\/wp-content\\\/uploads\\\/2023\\\/04\\\/favicon.jpg\",\"width\":70,\"height\":71,\"caption\":\"H+H Engineering & Service GmbH\"},\"image\":{\"@id\":\"https:\\\/\\\/huhes.de\\\/de\\\/#\\\/schema\\\/logo\\\/image\\\/\"},\"sameAs\":[\"https:\\\/\\\/www.facebook.com\\\/www.huhes.de\",\"https:\\\/\\\/www.linkedin.com\\\/company\\\/h-h-engineering-&-service-gmbh\\\/\",\"https:\\\/\\\/www.instagram.com\\\/huhes.cleanairforall\\\/\"]}]}<\/script>\n<!-- \/ Yoast SEO Premium plugin. -->","yoast_head_json":{"title":"SCR (DeNOx) L\u00f6sungen \u2013 angepasst an Ihre Applikation","description":"Wir finden L\u00f6sungen f\u00fcr SCR Katalysatoren, um Abgase auf umweltvertr\u00e4gliche Standards zu reinigen \u25ba Mehr erfahren! \u260e +49 (0) 9131 97009-0","robots":{"index":"index","follow":"follow","max-snippet":"max-snippet:-1","max-image-preview":"max-image-preview:large","max-video-preview":"max-video-preview:-1"},"canonical":"https:\/\/huhes.de\/de\/unternehmen\/zukunftssicheres-handeln\/","og_locale":"de_DE","og_type":"article","og_title":"Zukunftssicheres Handeln","og_description":"Wir finden L\u00f6sungen f\u00fcr SCR Katalysatoren, um Abgase auf umweltvertr\u00e4gliche Standards zu reinigen \u25ba Mehr erfahren! \u260e +49 (0) 9131 97009-0","og_url":"https:\/\/huhes.de\/de\/unternehmen\/zukunftssicheres-handeln\/","og_site_name":"H+H Engineering &amp; Service GmbH","article_publisher":"https:\/\/www.facebook.com\/www.huhes.de","article_modified_time":"2024-07-31T08:14:41+00:00","og_image":[{"width":2560,"height":799,"url":"https:\/\/huhes.de\/wp-content\/uploads\/2022\/11\/Huhes_zukunftssicheres_Handeln_Header-scaled.jpg","type":"image\/jpeg"}],"twitter_card":"summary_large_image","twitter_misc":{"Gesch\u00e4tzte Lesezeit":"3\u00a0Minuten"},"schema":{"@context":"https:\/\/schema.org","@graph":[{"@type":"WebPage","@id":"https:\/\/huhes.de\/de\/unternehmen\/zukunftssicheres-handeln\/","url":"https:\/\/huhes.de\/de\/unternehmen\/zukunftssicheres-handeln\/","name":"SCR (DeNOx) L\u00f6sungen \u2013 angepasst an Ihre Applikation","isPartOf":{"@id":"https:\/\/huhes.de\/de\/#website"},"primaryImageOfPage":{"@id":"https:\/\/huhes.de\/de\/unternehmen\/zukunftssicheres-handeln\/#primaryimage"},"image":{"@id":"https:\/\/huhes.de\/de\/unternehmen\/zukunftssicheres-handeln\/#primaryimage"},"thumbnailUrl":"https:\/\/huhes.de\/wp-content\/uploads\/2022\/11\/Huhes_zukunftssicheres_Handeln_Header-scaled.jpg","datePublished":"2022-11-07T18:13:14+00:00","dateModified":"2024-07-31T08:14:41+00:00","description":"Wir finden L\u00f6sungen f\u00fcr SCR Katalysatoren, um Abgase auf umweltvertr\u00e4gliche Standards zu reinigen \u25ba Mehr erfahren! \u260e +49 (0) 9131 97009-0","breadcrumb":{"@id":"https:\/\/huhes.de\/de\/unternehmen\/zukunftssicheres-handeln\/#breadcrumb"},"inLanguage":"de","potentialAction":[{"@type":"ReadAction","target":["https:\/\/huhes.de\/de\/unternehmen\/zukunftssicheres-handeln\/"]}]},{"@type":"ImageObject","inLanguage":"de","@id":"https:\/\/huhes.de\/de\/unternehmen\/zukunftssicheres-handeln\/#primaryimage","url":"https:\/\/huhes.de\/wp-content\/uploads\/2022\/11\/Huhes_zukunftssicheres_Handeln_Header-scaled.jpg","contentUrl":"https:\/\/huhes.de\/wp-content\/uploads\/2022\/11\/Huhes_zukunftssicheres_Handeln_Header-scaled.jpg","width":2560,"height":799,"caption":"Test"},{"@type":"BreadcrumbList","@id":"https:\/\/huhes.de\/de\/unternehmen\/zukunftssicheres-handeln\/#breadcrumb","itemListElement":[{"@type":"ListItem","position":1,"name":"Startseite","item":"https:\/\/huhes.de\/de\/"},{"@type":"ListItem","position":2,"name":"Unternehmen","item":"https:\/\/huhes.de\/de\/unternehmen\/"},{"@type":"ListItem","position":3,"name":"Zukunftssicheres Handeln"}]},{"@type":"WebSite","@id":"https:\/\/huhes.de\/de\/#website","url":"https:\/\/huhes.de\/de\/","name":"H+H Engineering & Service GmbH","description":"","publisher":{"@id":"https:\/\/huhes.de\/de\/#organization"},"potentialAction":[{"@type":"SearchAction","target":{"@type":"EntryPoint","urlTemplate":"https:\/\/huhes.de\/de\/?s={search_term_string}"},"query-input":{"@type":"PropertyValueSpecification","valueRequired":true,"valueName":"search_term_string"}}],"inLanguage":"de"},{"@type":"Organization","@id":"https:\/\/huhes.de\/de\/#organization","name":"H+H Engineering & Service GmbH","alternateName":"H+H","url":"https:\/\/huhes.de\/de\/","logo":{"@type":"ImageObject","inLanguage":"de","@id":"https:\/\/huhes.de\/de\/#\/schema\/logo\/image\/","url":"https:\/\/huhes.de\/wp-content\/uploads\/2023\/04\/favicon.jpg","contentUrl":"https:\/\/huhes.de\/wp-content\/uploads\/2023\/04\/favicon.jpg","width":70,"height":71,"caption":"H+H Engineering & Service GmbH"},"image":{"@id":"https:\/\/huhes.de\/de\/#\/schema\/logo\/image\/"},"sameAs":["https:\/\/www.facebook.com\/www.huhes.de","https:\/\/www.linkedin.com\/company\/h-h-engineering-&-service-gmbh\/","https:\/\/www.instagram.com\/huhes.cleanairforall\/"]}]}},"_links":{"self":[{"href":"https:\/\/huhes.de\/de\/wp-json\/wp\/v2\/pages\/36","targetHints":{"allow":["GET"]}}],"collection":[{"href":"https:\/\/huhes.de\/de\/wp-json\/wp\/v2\/pages"}],"about":[{"href":"https:\/\/huhes.de\/de\/wp-json\/wp\/v2\/types\/page"}],"author":[{"embeddable":true,"href":"https:\/\/huhes.de\/de\/wp-json\/wp\/v2\/users\/8"}],"replies":[{"embeddable":true,"href":"https:\/\/huhes.de\/de\/wp-json\/wp\/v2\/comments?post=36"}],"version-history":[{"count":99,"href":"https:\/\/huhes.de\/de\/wp-json\/wp\/v2\/pages\/36\/revisions"}],"predecessor-version":[{"id":5308,"href":"https:\/\/huhes.de\/de\/wp-json\/wp\/v2\/pages\/36\/revisions\/5308"}],"up":[{"embeddable":true,"href":"https:\/\/huhes.de\/de\/wp-json\/wp\/v2\/pages\/8"}],"wp:featuredmedia":[{"embeddable":true,"href":"https:\/\/huhes.de\/de\/wp-json\/wp\/v2\/media\/325"}],"wp:attachment":[{"href":"https:\/\/huhes.de\/de\/wp-json\/wp\/v2\/media?parent=36"}],"curies":[{"name":"wp","href":"https:\/\/api.w.org\/{rel}","templated":true}]}}