{"id":5,"date":"2022-11-07T12:42:17","date_gmt":"2022-11-07T11:42:17","guid":{"rendered":"https:\/\/huhes.de\/?page_id=5"},"modified":"2024-10-29T16:10:26","modified_gmt":"2024-10-29T15:10:26","slug":"startseite","status":"publish","type":"page","link":"https:\/\/huhes.de\/de\/","title":{"rendered":"H+H Engineering &#038; Service GmbH"},"content":{"rendered":"<div class=\"headerPic mainSlider inner\">\n    <ul id=\"headerImages\">\n                                                                \n                    <li class=\"\">\n                        <img decoding=\"async\" src=\"https:\/\/huhes.de\/wp-content\/uploads\/2022\/11\/Huhes_Startseite_Header1-scaled.jpg\" \n                             srcset=\"https:\/\/huhes.de\/wp-content\/uploads\/2022\/11\/Huhes_Startseite_Header1-scaled.jpg 2560w, https:\/\/huhes.de\/wp-content\/uploads\/2022\/11\/Huhes_Startseite_Header1-300x119.jpg 300w, https:\/\/huhes.de\/wp-content\/uploads\/2022\/11\/Huhes_Startseite_Header1-1024x406.jpg 1024w, https:\/\/huhes.de\/wp-content\/uploads\/2022\/11\/Huhes_Startseite_Header1-768x304.jpg 768w, https:\/\/huhes.de\/wp-content\/uploads\/2022\/11\/Huhes_Startseite_Header1-1536x609.jpg 1536w, https:\/\/huhes.de\/wp-content\/uploads\/2022\/11\/Huhes_Startseite_Header1-2048x812.jpg 2048w, https:\/\/huhes.de\/wp-content\/uploads\/2022\/11\/Huhes_Startseite_Header1-500x198.jpg 500w, https:\/\/huhes.de\/wp-content\/uploads\/2022\/11\/Huhes_Startseite_Header1-800x317.jpg 800w, https:\/\/huhes.de\/wp-content\/uploads\/2022\/11\/Huhes_Startseite_Header1-1280x507.jpg 1280w, https:\/\/huhes.de\/wp-content\/uploads\/2022\/11\/Huhes_Startseite_Header1-1920x761.jpg 1920w, https:\/\/huhes.de\/wp-content\/uploads\/2022\/11\/Huhes_Startseite_Header1-1568x622.jpg 1568w\" \n                             sizes=\"(max-width: 600px) 100vw, (max-width: 1200px) 50vw, 33vw\" \n                             alt=\"Landschaft, die das Meer und eine K\u00fcste mit Klippen und gr\u00fcnem Gras zeigt\">\n                    <\/li>\n                                                                        \n                    <li class=\"\">\n                        <img decoding=\"async\" src=\"https:\/\/huhes.de\/wp-content\/uploads\/2022\/11\/Huhes_Startseite_Header2-scaled.jpg\" \n                             srcset=\"https:\/\/huhes.de\/wp-content\/uploads\/2022\/11\/Huhes_Startseite_Header2-scaled.jpg 2560w, https:\/\/huhes.de\/wp-content\/uploads\/2022\/11\/Huhes_Startseite_Header2-300x119.jpg 300w, https:\/\/huhes.de\/wp-content\/uploads\/2022\/11\/Huhes_Startseite_Header2-1024x406.jpg 1024w, https:\/\/huhes.de\/wp-content\/uploads\/2022\/11\/Huhes_Startseite_Header2-768x304.jpg 768w, https:\/\/huhes.de\/wp-content\/uploads\/2022\/11\/Huhes_Startseite_Header2-1536x609.jpg 1536w, https:\/\/huhes.de\/wp-content\/uploads\/2022\/11\/Huhes_Startseite_Header2-2048x812.jpg 2048w, https:\/\/huhes.de\/wp-content\/uploads\/2022\/11\/Huhes_Startseite_Header2-500x198.jpg 500w, https:\/\/huhes.de\/wp-content\/uploads\/2022\/11\/Huhes_Startseite_Header2-800x317.jpg 800w, https:\/\/huhes.de\/wp-content\/uploads\/2022\/11\/Huhes_Startseite_Header2-1280x507.jpg 1280w, https:\/\/huhes.de\/wp-content\/uploads\/2022\/11\/Huhes_Startseite_Header2-1920x761.jpg 1920w, https:\/\/huhes.de\/wp-content\/uploads\/2022\/11\/Huhes_Startseite_Header2-1568x622.jpg 1568w\" \n                             sizes=\"(max-width: 600px) 100vw, (max-width: 1200px) 50vw, 33vw\" \n                             alt=\"Sea view with blue sky and clouds\">\n                    <\/li>\n                    <\/ul>\n\n    <div class=\"mainSlider--content\">\n        <div class=\"zitat\">\n            <p><em>\u201eF\u00fcr eine\u00a0<\/em><strong>saubere<\/strong><em>\u00a0Zukunft konzentrieren<\/em><br \/><em>wir uns auf Umweltschutzl\u00f6sungen f\u00fcr die<\/em><br \/><em>maritime und station\u00e4re Industrie.\u201c<\/em><\/p>\n        <\/div>\n        \n        <div class=\"mainSlider--content--inner\">\n            <div class=\"mainSlider--content--inner--textblock\">\n                <p class=\"mainSlider--content--inner--textblock--topline\">Experte f\u00fcr NOx Reduzierung f\u00fcr alle Anwendungen<\/p>\n                <h1>Ihr Partner f\u00fcr SCR, Katalysatoren und NOx Reduzierung<\/h1>\n                <p>Ob Blockheizkraftwerke, industrielle Verbrennungsanlagen, Schiffsantriebe oder Gew\u00e4chsh\u00e4user, wir begleiten Sie von der Idee,\u00a0bei der Umsetzung bis zur nachfolgenden Betreuung im Service.<\/p>\n                                    \n            <\/div>\n        <\/div>\n    <\/div>\n<\/div>\n<div class=\"inner afterHeaderPic\">\n        <div class=\"footerRight\">\n            <div class=\"innerFooterRight\"><span class=\"boldE\">H+H<\/span> SCR Technology for lower NOx emissions<\/div>\n            <img decoding=\"async\" src=\"\/wp-content\/themes\/huhes\/dist\/img\/Huhues_KeyVisual.svg\" alt=\"H+H SCR Technology for lower NOx emissions\">\n        <\/div>\n        <div class=\"inner socialInner\">\n            <div class=\"social contentSocial\">\n                <a href=\"https:\/\/www.xing.com\/companies\/h+hengineering%26servicegmbh\" target=\"_blank\"><img decoding=\"async\" src=\"\/wp-content\/themes\/huhes\/dist\/img\/Huhes_Icon_Xing.svg\" alt=\"Xing\"><\/a>\n                <a href=\"https:\/\/de.linkedin.com\/company\/h-h-engineering-&amp;-service-gmbh\" target=\"_blank\"><img decoding=\"async\" src=\"\/wp-content\/themes\/huhes\/dist\/img\/Huhes_Icon_LinkedIn.svg\" alt=\"Linkedin\"><\/a><br>\n            <\/div>\n        <\/div>\n        <div class=\"clearer\"><\/div>\n    <div><\/div><\/div>\n\n<div class=\"csc-default hiddenCSC boxes twoBoxes grayBoxes huhesTeaserboxes\">\n    <div class=\"inner\">\n        <div class=\"frame frame-default frame-type-textmedia frame-layout-7\">\n            <div class=\"ce-textpic ce-center ce-above\">\n                <div class=\"ce-bodytext\">\n                    <ul>\n                                                            \n                                    <li>\n                                        <span class=\"icons\" style=\"border:1px solid green\">\n                                            <img loading=\"lazy\" decoding=\"async\" src=\"https:\/\/huhes.de\/wp-content\/uploads\/2022\/11\/Huhes_Icon_Marine.svg\" width=\"65\" height=\"65\" alt=\"Marine SCR Systeme\">\n                                        <\/span>\n                                        <h4>NOx Reduzierung durch SCR Katalysatoren auf Schiffen<\/h4>                                    \n                                        <h3>Marine SCR Systeme<\/h3>\n                                        Mit fast 30 Jahren Erfahrung betreuen wir im Bereich Marine mit unserem Service mehr als 300 Schiffe mit \u00fcber 800 Motoren.                                         \n                                        <br>\n                                        <br>\n                                        <a href=\"\/de\/einsatzbereiche\/marine-nox-reduktion\/\">\u00bb Mehr erfahren<\/a><br>\n                                        <img loading=\"lazy\" decoding=\"async\" src=\"https:\/\/huhes.de\/wp-content\/uploads\/2022\/11\/Huhes_Startseite_Marine.jpg\" alt=\"A large ship, which is serviced by H+H Engineerings Service, is moored in the harbor.\" width=\"290\" height=\"762\">\n                                    <\/li>\n                                                                    \n                                    <li>\n                                        <span class=\"icons\" style=\"border:1px solid green\">\n                                            <img loading=\"lazy\" decoding=\"async\" src=\"https:\/\/huhes.de\/wp-content\/uploads\/2022\/11\/Huhes_Icon_Industrie.svg\" width=\"65\" height=\"65\" alt=\"Industrie\">\n                                        <\/span>\n                                        <h4>Ihr effizienter Partner im Bereich Industrie<\/h4>                                    \n                                        <h3>Industrie<\/h3>\n                                        Station\u00e4re Verbrennungsmotoren unterliegen strengen, gesetzlichen Richtlinien und erfordern effiziente Ma\u00dfnahmen zur Emissionsminderung bei gleichzeitig bestm\u00f6glichem Leistungserhalt.                                        \n                                        <br>\n                                        <br>\n                                        <a href=\"\/de\/einsatzbereiche\/denox-anlagen\/\">\u00bb Mehr erfahren<\/a><br>\n                                        <img loading=\"lazy\" decoding=\"async\" src=\"https:\/\/huhes.de\/wp-content\/uploads\/2022\/11\/Huhes_Startseite_Industrie.jpg\" alt=\"A large industrial facility that benefits from emissions reduction.\" width=\"290\" height=\"762\">\n                                    <\/li>\n                                                                    \n                                    <li>\n                                        <span class=\"icons\" style=\"border:1px solid green\">\n                                            <img loading=\"lazy\" decoding=\"async\" src=\"https:\/\/huhes.de\/wp-content\/uploads\/2022\/12\/Huhes_Icon_CO2.svg\" width=\"65\" height=\"65\" alt=\"CO2-D\u00fcngung \">\n                                        <\/span>\n                                        <h4>Pflanzenwachstum und Ernte maximieren<\/h4>                                    \n                                        <h3>CO2-D\u00fcngung <\/h3>\n                                        Die H+H CO2 Systeme reinigen die Abgase der Motoren so dass diese zur CO2 Anreicherung im Gew\u00e4chshaus verwendet werden k\u00f6nnen.                                        \n                                        <br>\n                                        <br>\n                                        <a href=\"\/de\/einsatzbereiche\/co2-fertilization\/\">\u00bb Mehr erfahren<\/a><br>\n                                        <img loading=\"lazy\" decoding=\"async\" src=\"https:\/\/huhes.de\/wp-content\/uploads\/2022\/12\/Huhes_Startseite_CO2.jpg\" alt=\"An industrial greenhouse being enriched with CO2.\" width=\"290\" height=\"762\">\n                                    <\/li>\n                                                                    \n                                    <li>\n                                        <span class=\"icons\" style=\"border:1px solid green\">\n                                            <img loading=\"lazy\" decoding=\"async\" src=\"https:\/\/huhes.de\/wp-content\/uploads\/2022\/12\/Huhes_Icon_Service.svg\" width=\"65\" height=\"65\" alt=\"Service\">\n                                        <\/span>\n                                        <h4>Pers\u00f6nlich und zuverl\u00e4ssig<\/h4>                                    \n                                        <h3>Service<\/h3>\n                                        Bei uns endet die pers\u00f6nliche Betreuung nicht mit dem Verkauf einer SCR Anlage. Sie werden von unseren Servicemitarbeitern stets kompetent und zuverl\u00e4ssig betreut.                                        \n                                        <br>\n                                        <br>\n                                        <a href=\"\/de\/service\/\">\u00bb Mehr erfahren<\/a><br>\n                                        <img loading=\"lazy\" decoding=\"async\" src=\"https:\/\/huhes.de\/wp-content\/uploads\/2022\/12\/Huhes_Startseite_Service.jpg\" alt=\"Detail of sustainable globe with clear blue water, healthy green land and blue sky.\" width=\"290\" height=\"762\">\n                                    <\/li>\n                                                    <\/ul>\n                <\/div>\n            <\/div>\n        <\/div>\n        <div class=\"clearer\"><\/div>\n    <\/div>\n<\/div>\n\n\n<div class=\"wp-block-nk-awb nk-awb\"><div class=\"nk-awb-wrap\" data-awb-type=\"image\" data-awb-image-background-size=\"cover\" data-awb-image-background-position=\"50% 50%\"><div class=\"nk-awb-inner\"><img loading=\"lazy\" decoding=\"async\" src=\"https:\/\/huhes.de\/wp-content\/uploads\/2022\/11\/Huhes_Startseite_Consulting-scaled.jpg\" class=\"wp-image-88 jarallax-img\" alt=\"Sea view with blue sky and clouds\" width=\"2560\" height=\"749\" srcset=\"https:\/\/huhes.de\/wp-content\/uploads\/2022\/11\/Huhes_Startseite_Consulting-scaled.jpg 2560w, https:\/\/huhes.de\/wp-content\/uploads\/2022\/11\/Huhes_Startseite_Consulting-300x88.jpg 300w, https:\/\/huhes.de\/wp-content\/uploads\/2022\/11\/Huhes_Startseite_Consulting-1024x300.jpg 1024w, https:\/\/huhes.de\/wp-content\/uploads\/2022\/11\/Huhes_Startseite_Consulting-768x225.jpg 768w, https:\/\/huhes.de\/wp-content\/uploads\/2022\/11\/Huhes_Startseite_Consulting-1536x450.jpg 1536w, https:\/\/huhes.de\/wp-content\/uploads\/2022\/11\/Huhes_Startseite_Consulting-2048x599.jpg 2048w, https:\/\/huhes.de\/wp-content\/uploads\/2022\/11\/Huhes_Startseite_Consulting-1568x459.jpg 1568w\" sizes=\"auto, (max-width: 2560px) 100vw, 2560px\" \/><\/div><\/div><div class=\"nk-awb-wrap-content is-layout-constrained wp-block-nk-awb-is-layout-constrained\">\n<h4 class=\"wp-block-heading\" id=\"h-perfekte-planung-von-anfang-an\">Perfekte Planung von Anfang an<\/h4>\n\n\n\n<h3 class=\"wp-block-heading\" id=\"h-h-h-beratung-amp-planung\">H+H \u2013 Beratung &amp; Planung<\/h3>\n\n\n\n<p><span class=\"boldE\">F\u00fcr perfekte Endergebnisse konzentrieren wir uns gleicherma\u00dfen auf eine hervorragende<br>Planung.<\/span> Kundenzufriedenheit beginnt f\u00fcr uns mit der Beratung und detaillierter Planung, die Ihre<br>Anforderungen von Anfang an ber\u00fccksichtigt. So schaffen wir Innovationen und L\u00f6sungen, die perfekt<br>auf Ihre Bed\u00fcrfnisse zugeschnitten sind und unseren Kunden Zuverl\u00e4ssigkeit garantieren.<\/p>\n\n\n\n<p><span class=\"boldE\">Dies wird durch kompetente Mitarbeiter sichergestellt, die Sie w\u00e4hrend der gesamten<br>Projektphase unterst\u00fctzen und umfangreiches Know-how mit bester Beratung verbinden.<\/span><\/p>\n\n\n\n<p><a href=\"\/de\/scr-technologien-und-regularien\/scr-katalysator\/\" data-type=\"URL\" data-id=\"\/de\/scr-technologien-und-regularien\/scr-katalysator\/\">\u00bb Mehr erfahren<\/a><\/p>\n<\/div><\/div>\n\n\n<div class=\"csc-default hiddenCSC normalContent contentSize grayBG\">\n    <div class=\"inner\">\n    <h4>Ihre Karriere bei H+H<\/h4>\n<h3>Es ist ein erfreulicher Umstand,&nbsp;<br \/>bringt aber auch Herausforderungen mit sich:<br \/>H+H w&auml;chst!<\/h3>\n<p><br \/><a href=\"https:\/\/huhes.de\/de\/career\">&raquo; Mehr erfahren<\/a><\/p>                        <img decoding=\"async\" src=\"https:\/\/huhes.de\/wp-content\/uploads\/2024\/10\/20241011_HuHes_gruppenbild-1-scaled.jpg\" alt=\"\"\/>\n                <\/div>\n<\/div>","protected":false},"excerpt":{"rendered":"","protected":false},"author":8,"featured_media":0,"parent":0,"menu_order":10,"comment_status":"closed","ping_status":"closed","template":"","meta":{"_acf_changed":false,"inline_featured_image":false,"footnotes":""},"class_list":["post-5","page","type-page","status-publish","hentry","entry"],"acf":[],"yoast_head":"<!-- This site is optimized with the Yoast SEO Premium plugin v27.3 (Yoast SEO v27.3) - https:\/\/yoast.com\/product\/yoast-seo-premium-wordpress\/ -->\n<title>H+H Engineering &amp; Service GmbH<\/title>\n<meta name=\"description\" content=\"H+H Engineering: Ihr Experte f\u00fcr Blockheizkraftwerke\u2713 industrielle Verbrennungsanlagen\u2713 Schiffsantriebe\u2713 Gew\u00e4chsh\u00e4user\u2713 \u25ba Jetzt informieren!\" \/>\n<meta name=\"robots\" content=\"index, follow, max-snippet:-1, max-image-preview:large, max-video-preview:-1\" \/>\n<link rel=\"canonical\" href=\"https:\/\/huhes.de\/de\/\" \/>\n<meta property=\"og:locale\" content=\"de_DE\" \/>\n<meta property=\"og:type\" content=\"article\" \/>\n<meta property=\"og:title\" content=\"H+H Engineering &amp; Service GmbH\" \/>\n<meta property=\"og:description\" content=\"H+H Engineering: Ihr Experte f\u00fcr Blockheizkraftwerke\u2713 industrielle Verbrennungsanlagen\u2713 Schiffsantriebe\u2713 Gew\u00e4chsh\u00e4user\u2713 \u25ba Jetzt informieren!\" \/>\n<meta property=\"og:url\" content=\"https:\/\/huhes.de\/de\/\" \/>\n<meta property=\"og:site_name\" content=\"H+H Engineering &amp; Service GmbH\" \/>\n<meta property=\"article:publisher\" content=\"https:\/\/www.facebook.com\/www.huhes.de\" \/>\n<meta property=\"article:modified_time\" content=\"2024-10-29T15:10:26+00:00\" \/>\n<meta property=\"og:image\" content=\"https:\/\/huhes.de\/wp-content\/uploads\/2022\/11\/Huhes_Startseite_Consulting-scaled.jpg\" \/>\n<meta name=\"twitter:card\" content=\"summary_large_image\" \/>\n<meta name=\"twitter:label1\" content=\"Gesch\u00e4tzte Lesezeit\" \/>\n\t<meta name=\"twitter:data1\" content=\"1\u00a0Minute\" \/>\n<script type=\"application\/ld+json\" class=\"yoast-schema-graph\">{\"@context\":\"https:\\\/\\\/schema.org\",\"@graph\":[{\"@type\":\"WebPage\",\"@id\":\"https:\\\/\\\/huhes.de\\\/de\\\/\",\"url\":\"https:\\\/\\\/huhes.de\\\/de\\\/\",\"name\":\"H+H Engineering & Service GmbH\",\"isPartOf\":{\"@id\":\"https:\\\/\\\/huhes.de\\\/de\\\/#website\"},\"primaryImageOfPage\":{\"@id\":\"https:\\\/\\\/huhes.de\\\/de\\\/#primaryimage\"},\"image\":{\"@id\":\"https:\\\/\\\/huhes.de\\\/de\\\/#primaryimage\"},\"thumbnailUrl\":\"https:\\\/\\\/huhes.de\\\/wp-content\\\/uploads\\\/2022\\\/11\\\/Huhes_Startseite_Consulting-scaled.jpg\",\"datePublished\":\"2022-11-07T11:42:17+00:00\",\"dateModified\":\"2024-10-29T15:10:26+00:00\",\"description\":\"H+H Engineering: Ihr Experte f\u00fcr Blockheizkraftwerke\u2713 industrielle Verbrennungsanlagen\u2713 Schiffsantriebe\u2713 Gew\u00e4chsh\u00e4user\u2713 \u25ba Jetzt informieren!\",\"breadcrumb\":{\"@id\":\"https:\\\/\\\/huhes.de\\\/de\\\/#breadcrumb\"},\"inLanguage\":\"de\",\"potentialAction\":[{\"@type\":\"ReadAction\",\"target\":[\"https:\\\/\\\/huhes.de\\\/de\\\/\"]}]},{\"@type\":\"ImageObject\",\"inLanguage\":\"de\",\"@id\":\"https:\\\/\\\/huhes.de\\\/de\\\/#primaryimage\",\"url\":\"https:\\\/\\\/huhes.de\\\/wp-content\\\/uploads\\\/2022\\\/11\\\/Huhes_Startseite_Consulting-scaled.jpg\",\"contentUrl\":\"https:\\\/\\\/huhes.de\\\/wp-content\\\/uploads\\\/2022\\\/11\\\/Huhes_Startseite_Consulting-scaled.jpg\"},{\"@type\":\"BreadcrumbList\",\"@id\":\"https:\\\/\\\/huhes.de\\\/de\\\/#breadcrumb\",\"itemListElement\":[{\"@type\":\"ListItem\",\"position\":1,\"name\":\"Startseite\",\"item\":\"https:\\\/\\\/huhes.de\\\/de\\\/\"},{\"@type\":\"ListItem\",\"position\":2,\"name\":\"H+H Engineering &#038; Service GmbH\"}]},{\"@type\":\"WebSite\",\"@id\":\"https:\\\/\\\/huhes.de\\\/de\\\/#website\",\"url\":\"https:\\\/\\\/huhes.de\\\/de\\\/\",\"name\":\"H+H Engineering & Service GmbH\",\"description\":\"\",\"publisher\":{\"@id\":\"https:\\\/\\\/huhes.de\\\/de\\\/#organization\"},\"potentialAction\":[{\"@type\":\"SearchAction\",\"target\":{\"@type\":\"EntryPoint\",\"urlTemplate\":\"https:\\\/\\\/huhes.de\\\/de\\\/?s={search_term_string}\"},\"query-input\":{\"@type\":\"PropertyValueSpecification\",\"valueRequired\":true,\"valueName\":\"search_term_string\"}}],\"inLanguage\":\"de\"},{\"@type\":\"Organization\",\"@id\":\"https:\\\/\\\/huhes.de\\\/de\\\/#organization\",\"name\":\"H+H Engineering & Service GmbH\",\"alternateName\":\"H+H\",\"url\":\"https:\\\/\\\/huhes.de\\\/de\\\/\",\"logo\":{\"@type\":\"ImageObject\",\"inLanguage\":\"de\",\"@id\":\"https:\\\/\\\/huhes.de\\\/de\\\/#\\\/schema\\\/logo\\\/image\\\/\",\"url\":\"https:\\\/\\\/huhes.de\\\/wp-content\\\/uploads\\\/2023\\\/04\\\/favicon.jpg\",\"contentUrl\":\"https:\\\/\\\/huhes.de\\\/wp-content\\\/uploads\\\/2023\\\/04\\\/favicon.jpg\",\"width\":70,\"height\":71,\"caption\":\"H+H Engineering & Service GmbH\"},\"image\":{\"@id\":\"https:\\\/\\\/huhes.de\\\/de\\\/#\\\/schema\\\/logo\\\/image\\\/\"},\"sameAs\":[\"https:\\\/\\\/www.facebook.com\\\/www.huhes.de\",\"https:\\\/\\\/www.linkedin.com\\\/company\\\/h-h-engineering-&-service-gmbh\\\/\",\"https:\\\/\\\/www.instagram.com\\\/huhes.cleanairforall\\\/\"]}]}<\/script>\n<!-- \/ Yoast SEO Premium plugin. -->","yoast_head_json":{"title":"H+H Engineering & Service GmbH","description":"H+H Engineering: Ihr Experte f\u00fcr Blockheizkraftwerke\u2713 industrielle Verbrennungsanlagen\u2713 Schiffsantriebe\u2713 Gew\u00e4chsh\u00e4user\u2713 \u25ba Jetzt informieren!","robots":{"index":"index","follow":"follow","max-snippet":"max-snippet:-1","max-image-preview":"max-image-preview:large","max-video-preview":"max-video-preview:-1"},"canonical":"https:\/\/huhes.de\/de\/","og_locale":"de_DE","og_type":"article","og_title":"H+H Engineering & Service GmbH","og_description":"H+H Engineering: Ihr Experte f\u00fcr Blockheizkraftwerke\u2713 industrielle Verbrennungsanlagen\u2713 Schiffsantriebe\u2713 Gew\u00e4chsh\u00e4user\u2713 \u25ba Jetzt informieren!","og_url":"https:\/\/huhes.de\/de\/","og_site_name":"H+H Engineering &amp; Service GmbH","article_publisher":"https:\/\/www.facebook.com\/www.huhes.de","article_modified_time":"2024-10-29T15:10:26+00:00","og_image":[{"url":"https:\/\/huhes.de\/wp-content\/uploads\/2022\/11\/Huhes_Startseite_Consulting-scaled.jpg","type":"","width":"","height":""}],"twitter_card":"summary_large_image","twitter_misc":{"Gesch\u00e4tzte Lesezeit":"1\u00a0Minute"},"schema":{"@context":"https:\/\/schema.org","@graph":[{"@type":"WebPage","@id":"https:\/\/huhes.de\/de\/","url":"https:\/\/huhes.de\/de\/","name":"H+H Engineering & Service GmbH","isPartOf":{"@id":"https:\/\/huhes.de\/de\/#website"},"primaryImageOfPage":{"@id":"https:\/\/huhes.de\/de\/#primaryimage"},"image":{"@id":"https:\/\/huhes.de\/de\/#primaryimage"},"thumbnailUrl":"https:\/\/huhes.de\/wp-content\/uploads\/2022\/11\/Huhes_Startseite_Consulting-scaled.jpg","datePublished":"2022-11-07T11:42:17+00:00","dateModified":"2024-10-29T15:10:26+00:00","description":"H+H Engineering: Ihr Experte f\u00fcr Blockheizkraftwerke\u2713 industrielle Verbrennungsanlagen\u2713 Schiffsantriebe\u2713 Gew\u00e4chsh\u00e4user\u2713 \u25ba Jetzt informieren!","breadcrumb":{"@id":"https:\/\/huhes.de\/de\/#breadcrumb"},"inLanguage":"de","potentialAction":[{"@type":"ReadAction","target":["https:\/\/huhes.de\/de\/"]}]},{"@type":"ImageObject","inLanguage":"de","@id":"https:\/\/huhes.de\/de\/#primaryimage","url":"https:\/\/huhes.de\/wp-content\/uploads\/2022\/11\/Huhes_Startseite_Consulting-scaled.jpg","contentUrl":"https:\/\/huhes.de\/wp-content\/uploads\/2022\/11\/Huhes_Startseite_Consulting-scaled.jpg"},{"@type":"BreadcrumbList","@id":"https:\/\/huhes.de\/de\/#breadcrumb","itemListElement":[{"@type":"ListItem","position":1,"name":"Startseite","item":"https:\/\/huhes.de\/de\/"},{"@type":"ListItem","position":2,"name":"H+H Engineering &#038; Service GmbH"}]},{"@type":"WebSite","@id":"https:\/\/huhes.de\/de\/#website","url":"https:\/\/huhes.de\/de\/","name":"H+H Engineering & Service GmbH","description":"","publisher":{"@id":"https:\/\/huhes.de\/de\/#organization"},"potentialAction":[{"@type":"SearchAction","target":{"@type":"EntryPoint","urlTemplate":"https:\/\/huhes.de\/de\/?s={search_term_string}"},"query-input":{"@type":"PropertyValueSpecification","valueRequired":true,"valueName":"search_term_string"}}],"inLanguage":"de"},{"@type":"Organization","@id":"https:\/\/huhes.de\/de\/#organization","name":"H+H Engineering & Service GmbH","alternateName":"H+H","url":"https:\/\/huhes.de\/de\/","logo":{"@type":"ImageObject","inLanguage":"de","@id":"https:\/\/huhes.de\/de\/#\/schema\/logo\/image\/","url":"https:\/\/huhes.de\/wp-content\/uploads\/2023\/04\/favicon.jpg","contentUrl":"https:\/\/huhes.de\/wp-content\/uploads\/2023\/04\/favicon.jpg","width":70,"height":71,"caption":"H+H Engineering & Service GmbH"},"image":{"@id":"https:\/\/huhes.de\/de\/#\/schema\/logo\/image\/"},"sameAs":["https:\/\/www.facebook.com\/www.huhes.de","https:\/\/www.linkedin.com\/company\/h-h-engineering-&-service-gmbh\/","https:\/\/www.instagram.com\/huhes.cleanairforall\/"]}]}},"_links":{"self":[{"href":"https:\/\/huhes.de\/de\/wp-json\/wp\/v2\/pages\/5","targetHints":{"allow":["GET"]}}],"collection":[{"href":"https:\/\/huhes.de\/de\/wp-json\/wp\/v2\/pages"}],"about":[{"href":"https:\/\/huhes.de\/de\/wp-json\/wp\/v2\/types\/page"}],"author":[{"embeddable":true,"href":"https:\/\/huhes.de\/de\/wp-json\/wp\/v2\/users\/8"}],"replies":[{"embeddable":true,"href":"https:\/\/huhes.de\/de\/wp-json\/wp\/v2\/comments?post=5"}],"version-history":[{"count":44,"href":"https:\/\/huhes.de\/de\/wp-json\/wp\/v2\/pages\/5\/revisions"}],"predecessor-version":[{"id":5659,"href":"https:\/\/huhes.de\/de\/wp-json\/wp\/v2\/pages\/5\/revisions\/5659"}],"wp:attachment":[{"href":"https:\/\/huhes.de\/de\/wp-json\/wp\/v2\/media?parent=5"}],"curies":[{"name":"wp","href":"https:\/\/api.w.org\/{rel}","templated":true}]}}