{"id":50,"date":"2022-11-07T19:21:50","date_gmt":"2022-11-07T18:21:50","guid":{"rendered":"https:\/\/huhes.de\/?page_id=50"},"modified":"2024-07-26T14:12:55","modified_gmt":"2024-07-26T12:12:55","slug":"reduktionmittel-einduesung-fuer-scr-systeme","status":"publish","type":"page","link":"https:\/\/huhes.de\/de\/scr-technologien-und-regularien\/reduktionmittel-einduesung-fuer-scr-systeme\/","title":{"rendered":"Reduktionmittel-Eind\u00fcsung f\u00fcr SCR-Systeme"},"content":{"rendered":"\n<div class=\"wp-block-columns is-layout-flex wp-container-core-columns-is-layout-9d6595d7 wp-block-columns-is-layout-flex\">\n<div class=\"wp-block-column is-layout-flow wp-block-column-is-layout-flow\">\n<h2 class=\"wp-block-heading\">Wie wird das Reduktionsmittel Ammoniak ins SCR System gebracht?<\/h2>\n\n\n\n<p>Das f\u00fcr die selektive katalytische Reduktion notwendige Ammoniak (NH3) kann auf verschiedenste Art und Weise in den Abgasstrom injiziert werden. Die dabei g\u00e4ngigste Art und Weise stellt den Weg \u00fcber die Umwandlung und Eind\u00fcsung von Harnstoffl\u00f6sungen dar. Je nach Anlage kann aber auch direkt Ammoniak einged\u00fcst werden. Die Eind\u00fcsung an sich kann auch in unterschiedlichen Formen von statten gehen.&nbsp;<\/p>\n<\/div>\n<\/div>\n\n\n\n<div class=\"wp-block-columns width has-background is-layout-flex wp-container-core-columns-is-layout-9d6595d7 wp-block-columns-is-layout-flex\" style=\"background-color:#f8f8f8\">\n<div class=\"wp-block-column is-layout-flow wp-block-column-is-layout-flow\">\n<div class=\"wp-block-columns is-layout-flex wp-container-core-columns-is-layout-9d6595d7 wp-block-columns-is-layout-flex\">\n<div class=\"wp-block-column is-layout-flow wp-block-column-is-layout-flow\">\n<h3 class=\"wp-block-heading\">Wie funktioniert die Eind\u00fcsung von reinem Ammoniak?<\/h3>\n\n\n\n<p>Wird Ammoniak direkt einged\u00fcst muss dieses vor Ort in Gasflaschen vorhanden sein. Dieses Verfahren kann vor allem bei geringem Ammoniak-Bedarf eingesetzt werden, wenn die Lagerung und Aufstellung von Gasflaschen kein Problem darstellen. Hierf\u00fcr wird eine Dosierstrecke installiert, die den Druck und Durchfluss des Systems \u00fcberwacht und regelt.<\/p>\n<\/div>\n<\/div>\n<\/div>\n<\/div>\n\n\n\n<div class=\"wp-block-columns is-layout-flex wp-container-core-columns-is-layout-9d6595d7 wp-block-columns-is-layout-flex\">\n<div class=\"wp-block-column is-layout-flow wp-block-column-is-layout-flow\">\n<h3 class=\"wp-block-heading\">Wie kann Ammoniak au\u00dferdem zudosiert werden?<\/h3>\n\n\n\n<p>Werden gr\u00f6\u00dfere Mengen Ammoniak zur Reduktion von NOx ben\u00f6tigt kann dieses zum einen als Ammoniakwasser eingebracht werden. Dabei kann Ammoniak nach Dosieren sehr schnell aus der L\u00f6sung ausdampfen. Jedoch sind bei der Verwendung von Ammoniakwasser hohe Sicherheitsanforderungen notwendig, da Ammoniak schon bei der Lagerung ausdampfen kann und explosible und giftige Gemische bildet. Die andere M\u00f6glichkeit ist die Verwendung von Harnstoffl\u00f6sungen. Die Harnstoffl\u00f6sung kann durch das hei\u00dfe Abgas getrocknet und Harnstoff dann aufgeschmolzen werden. Dabei entsteht Wasser und Ammoniak. Mittels dieser Methode kann Ammoniak sozusagen gespeichert im Harnstoff auch in gro\u00dfen Mengen gelagert werden. Nur die Umwandlung des Harnstoffs in Ammoniak muss durch eine ausreichende Verdampfungsstrecke gew\u00e4hrleistet sein.<\/p>\n<\/div>\n<\/div>\n\n\n\n<div class=\"wp-block-columns width has-background is-layout-flex wp-container-core-columns-is-layout-9d6595d7 wp-block-columns-is-layout-flex\" style=\"background-color:#f8f8f8\">\n<div class=\"wp-block-column is-layout-flow wp-block-column-is-layout-flow\">\n<div class=\"wp-block-columns is-layout-flex wp-container-core-columns-is-layout-9d6595d7 wp-block-columns-is-layout-flex\">\n<div class=\"wp-block-column is-layout-flow wp-block-column-is-layout-flow\"><div class=\"aufklapper\">\n    <input class=\"next-container\" type=\"hidden\" value=\"\"\/>\n    <input class=\"fixe-id\" type=\"hidden\" value=\"\"\/>\n    <h3>Wie wird die Eind&uuml;sung technisch umgesetzt?<\/h3>\n<p>Prinzipiell k&ouml;nnen die Harnstoff- oder Ammoniakl&ouml;sungen auf zwei Arten einged&uuml;st werden. Einerseits direkt durch spezielle<br \/>Injektoren mit (den dabei n&ouml;tigen) pr&auml;zisen Aktuatoren, oder Druckluft-gest&uuml;tzt &uuml;ber entsprechende Zerst&auml;uber. Erstere Technik<br \/>eignet sich bei geringem Reduktionsmittelbedarf und geht zumeist mit h&ouml;herer Harnstoff-Tr&ouml;pfchengr&ouml;&szlig;e und der daraus<br \/>resultierenden l&auml;ngeren Verdampfungszeit einher. Durch die Druckluft-gest&uuml;tzte Eind&uuml;sung k&ouml;nnen kleinere<br \/>Tropfendurchmesser erreicht werden und entsprechend schneller ist die Verdampfung auch bei hohem Ammoniakbedarf.&nbsp;<\/p>    <p class=\"more-huhes link-text-1\">\u00bb Mehr anzeigen<\/p>\n        \n            <div class=\"hiddenContent\">\n            <p>Hier ist dann eine aufwendigere Dosiereinheit n&ouml;tig, die zus&auml;tzlich Druckluftfluss &uuml;berwacht und reguliert. Speziell designte<br \/>Mischelemente sorgen dann f&uuml;r eine optimale Verteilung des Ammoniaks im System. Bei sehr gro&szlig;en Anlagen, wie<br \/>beispielsweise bei Gasturbinen, kann die Eind&uuml;sung dann auch &uuml;ber einen Bypass stattfinden. Ein Teil des Rauchgasstroms<br \/>wird dabei entnommen, Ammoniak einged&uuml;st und vermischt und wieder &uuml;ber ein &bdquo;Ammonia Injection Grid&ldquo; in den<br \/>Rauchgasstrang zur&uuml;ckgegeben. Mittels Str&ouml;mungssimulation kann jeweils eine entsprechend des Systems optimale<br \/>Ammoniakverteilung eingestellt werden.<\/p>                            <p class=\"more-huhes link-text-2\">\u00bb Weniger erfahren<\/p>\n                    <\/div>\n    <\/div><\/div>\n<\/div>\n<\/div>\n<\/div>\n\n\n\n<div class=\"wp-block-columns is-layout-flex wp-container-core-columns-is-layout-9d6595d7 wp-block-columns-is-layout-flex\">\n<div class=\"wp-block-column is-layout-flow wp-block-column-is-layout-flow\">\n<h4 class=\"wp-block-heading\">Fundamentale Erfahrung<\/h4>\n\n\n\n<h3 class=\"wp-block-heading\">Pers\u00f6nlich und zuverl\u00e4ssig<\/h3>\n\n\n\n<p>Unsere Servicemitarbeiter arbeiten seit mehr als 30 Jahren auf dem Gebiet<br>der Abgasreinigung nach dem SCR Prinzip. Sollten Sie noch Fragen haben<br>beraten wir Sie gerne.<\/p>\n<\/div>\n\n\n\n<div class=\"wp-block-column is-layout-flow wp-block-column-is-layout-flow\"><div class=\"contact-box\" >\n    <div class=\"icon\"><img decoding=\"async\" src=\"https:\/\/huhes.de\/wp-content\/uploads\/2022\/11\/Huhes_Icon_Mail.svg\" alt=\"H+H Icon Mail\"\/><\/div>\n    <h4>Kontaktieren Sie uns<\/h4>\n<h3>Wir freuen uns auf&nbsp;<br \/>Ihre Nachricht<\/h3>\n<p><strong>Tel<\/strong>. <a href=\"tel:+499562400630\">+49(0)9562 400 63 &ndash; 0<\/a><br \/><strong>Fax<\/strong> <a href=\"tel:+4995624006320\">+49(0)9562 400 63 &ndash; 20<\/a><br \/><a href=\"mailto:info@huhes.de\">info@huhes.de<\/a><\/p><\/div><\/div>\n<\/div>\n","protected":false},"excerpt":{"rendered":"<p>Wie wird das Reduktionsmittel Ammoniak ins SCR System gebracht? Das f\u00fcr die selektive katalytische Reduktion notwendige Ammoniak (NH3) kann auf verschiedenste Art und Weise in den Abgasstrom injiziert werden. Die dabei g\u00e4ngigste Art und Weise stellt den Weg \u00fcber die Umwandlung und Eind\u00fcsung von Harnstoffl\u00f6sungen dar. Je nach Anlage kann aber auch direkt Ammoniak einged\u00fcst&hellip; <a class=\"more-link\" href=\"https:\/\/huhes.de\/de\/scr-technologien-und-regularien\/reduktionmittel-einduesung-fuer-scr-systeme\/\"><span class=\"screen-reader-text\">Reduktionmittel-Eind\u00fcsung f\u00fcr SCR-Systeme<\/span> weiterlesen<\/a><\/p>\n","protected":false},"author":8,"featured_media":762,"parent":12,"menu_order":20,"comment_status":"closed","ping_status":"closed","template":"","meta":{"_acf_changed":false,"inline_featured_image":false,"footnotes":""},"class_list":["post-50","page","type-page","status-publish","has-post-thumbnail","hentry","entry"],"acf":[],"yoast_head":"<!-- This site is optimized with the Yoast SEO Premium plugin v27.3 (Yoast SEO v27.3) - https:\/\/yoast.com\/product\/yoast-seo-premium-wordpress\/ -->\n<title>Wie kommt das Reduktionsmittel zu den Stickoxiden?<\/title>\n<meta name=\"description\" content=\"Injektion von Ammoniak - H+H erkl\u00e4rt die Reduktionmittel-Eind\u00fcsung f\u00fcr SCR-Systeme\u2713 Interessant? \u25ba Informieren Sie sich jetzt!\" \/>\n<meta name=\"robots\" content=\"index, follow, max-snippet:-1, max-image-preview:large, max-video-preview:-1\" \/>\n<link rel=\"canonical\" href=\"https:\/\/huhes.de\/de\/scr-technologien-und-regularien\/reduktionmittel-einduesung-fuer-scr-systeme\/\" \/>\n<meta property=\"og:locale\" content=\"de_DE\" \/>\n<meta property=\"og:type\" content=\"article\" \/>\n<meta property=\"og:title\" content=\"Reduktionmittel-Eind\u00fcsung f\u00fcr SCR-Systeme\" \/>\n<meta property=\"og:description\" content=\"Injektion von Ammoniak - H+H erkl\u00e4rt die Reduktionmittel-Eind\u00fcsung f\u00fcr SCR-Systeme\u2713 Interessant? \u25ba Informieren Sie sich jetzt!\" \/>\n<meta property=\"og:url\" content=\"https:\/\/huhes.de\/de\/scr-technologien-und-regularien\/reduktionmittel-einduesung-fuer-scr-systeme\/\" \/>\n<meta property=\"og:site_name\" content=\"H+H Engineering &amp; Service GmbH\" \/>\n<meta property=\"article:publisher\" content=\"https:\/\/www.facebook.com\/www.huhes.de\" \/>\n<meta property=\"article:modified_time\" content=\"2024-07-26T12:12:55+00:00\" \/>\n<meta property=\"og:image\" content=\"https:\/\/huhes.de\/wp-content\/uploads\/2022\/12\/Huhes__Ammoniak_Einduesung_Header-scaled.jpg\" \/>\n\t<meta property=\"og:image:width\" content=\"2560\" \/>\n\t<meta property=\"og:image:height\" content=\"796\" \/>\n\t<meta property=\"og:image:type\" content=\"image\/jpeg\" \/>\n<meta name=\"twitter:card\" content=\"summary_large_image\" \/>\n<meta name=\"twitter:label1\" content=\"Gesch\u00e4tzte Lesezeit\" \/>\n\t<meta name=\"twitter:data1\" content=\"3\u00a0Minuten\" \/>\n<script type=\"application\/ld+json\" class=\"yoast-schema-graph\">{\"@context\":\"https:\\\/\\\/schema.org\",\"@graph\":[{\"@type\":\"WebPage\",\"@id\":\"https:\\\/\\\/huhes.de\\\/de\\\/scr-technologien-und-regularien\\\/reduktionmittel-einduesung-fuer-scr-systeme\\\/\",\"url\":\"https:\\\/\\\/huhes.de\\\/de\\\/scr-technologien-und-regularien\\\/reduktionmittel-einduesung-fuer-scr-systeme\\\/\",\"name\":\"Wie kommt das Reduktionsmittel zu den Stickoxiden?\",\"isPartOf\":{\"@id\":\"https:\\\/\\\/huhes.de\\\/de\\\/#website\"},\"primaryImageOfPage\":{\"@id\":\"https:\\\/\\\/huhes.de\\\/de\\\/scr-technologien-und-regularien\\\/reduktionmittel-einduesung-fuer-scr-systeme\\\/#primaryimage\"},\"image\":{\"@id\":\"https:\\\/\\\/huhes.de\\\/de\\\/scr-technologien-und-regularien\\\/reduktionmittel-einduesung-fuer-scr-systeme\\\/#primaryimage\"},\"thumbnailUrl\":\"https:\\\/\\\/huhes.de\\\/wp-content\\\/uploads\\\/2022\\\/12\\\/Huhes__Ammoniak_Einduesung_Header-scaled.jpg\",\"datePublished\":\"2022-11-07T18:21:50+00:00\",\"dateModified\":\"2024-07-26T12:12:55+00:00\",\"description\":\"Injektion von Ammoniak - H+H erkl\u00e4rt die Reduktionmittel-Eind\u00fcsung f\u00fcr SCR-Systeme\u2713 Interessant? \u25ba Informieren Sie sich jetzt!\",\"breadcrumb\":{\"@id\":\"https:\\\/\\\/huhes.de\\\/de\\\/scr-technologien-und-regularien\\\/reduktionmittel-einduesung-fuer-scr-systeme\\\/#breadcrumb\"},\"inLanguage\":\"de\",\"potentialAction\":[{\"@type\":\"ReadAction\",\"target\":[\"https:\\\/\\\/huhes.de\\\/de\\\/scr-technologien-und-regularien\\\/reduktionmittel-einduesung-fuer-scr-systeme\\\/\"]}]},{\"@type\":\"ImageObject\",\"inLanguage\":\"de\",\"@id\":\"https:\\\/\\\/huhes.de\\\/de\\\/scr-technologien-und-regularien\\\/reduktionmittel-einduesung-fuer-scr-systeme\\\/#primaryimage\",\"url\":\"https:\\\/\\\/huhes.de\\\/wp-content\\\/uploads\\\/2022\\\/12\\\/Huhes__Ammoniak_Einduesung_Header-scaled.jpg\",\"contentUrl\":\"https:\\\/\\\/huhes.de\\\/wp-content\\\/uploads\\\/2022\\\/12\\\/Huhes__Ammoniak_Einduesung_Header-scaled.jpg\",\"width\":2560,\"height\":796,\"caption\":\"Reduktionmittel-Eind\u00fcsung f\u00fcr SCR-Systeme\"},{\"@type\":\"BreadcrumbList\",\"@id\":\"https:\\\/\\\/huhes.de\\\/de\\\/scr-technologien-und-regularien\\\/reduktionmittel-einduesung-fuer-scr-systeme\\\/#breadcrumb\",\"itemListElement\":[{\"@type\":\"ListItem\",\"position\":1,\"name\":\"Startseite\",\"item\":\"https:\\\/\\\/huhes.de\\\/de\\\/\"},{\"@type\":\"ListItem\",\"position\":2,\"name\":\"SCR Technologien und Regularien\",\"item\":\"https:\\\/\\\/huhes.de\\\/de\\\/scr-technologien-und-regularien\\\/\"},{\"@type\":\"ListItem\",\"position\":3,\"name\":\"Reduktionmittel-Eind\u00fcsung f\u00fcr SCR-Systeme\"}]},{\"@type\":\"WebSite\",\"@id\":\"https:\\\/\\\/huhes.de\\\/de\\\/#website\",\"url\":\"https:\\\/\\\/huhes.de\\\/de\\\/\",\"name\":\"H+H Engineering & Service GmbH\",\"description\":\"\",\"publisher\":{\"@id\":\"https:\\\/\\\/huhes.de\\\/de\\\/#organization\"},\"potentialAction\":[{\"@type\":\"SearchAction\",\"target\":{\"@type\":\"EntryPoint\",\"urlTemplate\":\"https:\\\/\\\/huhes.de\\\/de\\\/?s={search_term_string}\"},\"query-input\":{\"@type\":\"PropertyValueSpecification\",\"valueRequired\":true,\"valueName\":\"search_term_string\"}}],\"inLanguage\":\"de\"},{\"@type\":\"Organization\",\"@id\":\"https:\\\/\\\/huhes.de\\\/de\\\/#organization\",\"name\":\"H+H Engineering & Service GmbH\",\"alternateName\":\"H+H\",\"url\":\"https:\\\/\\\/huhes.de\\\/de\\\/\",\"logo\":{\"@type\":\"ImageObject\",\"inLanguage\":\"de\",\"@id\":\"https:\\\/\\\/huhes.de\\\/de\\\/#\\\/schema\\\/logo\\\/image\\\/\",\"url\":\"https:\\\/\\\/huhes.de\\\/wp-content\\\/uploads\\\/2023\\\/04\\\/favicon.jpg\",\"contentUrl\":\"https:\\\/\\\/huhes.de\\\/wp-content\\\/uploads\\\/2023\\\/04\\\/favicon.jpg\",\"width\":70,\"height\":71,\"caption\":\"H+H Engineering & Service GmbH\"},\"image\":{\"@id\":\"https:\\\/\\\/huhes.de\\\/de\\\/#\\\/schema\\\/logo\\\/image\\\/\"},\"sameAs\":[\"https:\\\/\\\/www.facebook.com\\\/www.huhes.de\",\"https:\\\/\\\/www.linkedin.com\\\/company\\\/h-h-engineering-&-service-gmbh\\\/\",\"https:\\\/\\\/www.instagram.com\\\/huhes.cleanairforall\\\/\"]}]}<\/script>\n<!-- \/ Yoast SEO Premium plugin. -->","yoast_head_json":{"title":"Wie kommt das Reduktionsmittel zu den Stickoxiden?","description":"Injektion von Ammoniak - H+H erkl\u00e4rt die Reduktionmittel-Eind\u00fcsung f\u00fcr SCR-Systeme\u2713 Interessant? \u25ba Informieren Sie sich jetzt!","robots":{"index":"index","follow":"follow","max-snippet":"max-snippet:-1","max-image-preview":"max-image-preview:large","max-video-preview":"max-video-preview:-1"},"canonical":"https:\/\/huhes.de\/de\/scr-technologien-und-regularien\/reduktionmittel-einduesung-fuer-scr-systeme\/","og_locale":"de_DE","og_type":"article","og_title":"Reduktionmittel-Eind\u00fcsung f\u00fcr SCR-Systeme","og_description":"Injektion von Ammoniak - H+H erkl\u00e4rt die Reduktionmittel-Eind\u00fcsung f\u00fcr SCR-Systeme\u2713 Interessant? \u25ba Informieren Sie sich jetzt!","og_url":"https:\/\/huhes.de\/de\/scr-technologien-und-regularien\/reduktionmittel-einduesung-fuer-scr-systeme\/","og_site_name":"H+H Engineering &amp; Service GmbH","article_publisher":"https:\/\/www.facebook.com\/www.huhes.de","article_modified_time":"2024-07-26T12:12:55+00:00","og_image":[{"width":2560,"height":796,"url":"https:\/\/huhes.de\/wp-content\/uploads\/2022\/12\/Huhes__Ammoniak_Einduesung_Header-scaled.jpg","type":"image\/jpeg"}],"twitter_card":"summary_large_image","twitter_misc":{"Gesch\u00e4tzte Lesezeit":"3\u00a0Minuten"},"schema":{"@context":"https:\/\/schema.org","@graph":[{"@type":"WebPage","@id":"https:\/\/huhes.de\/de\/scr-technologien-und-regularien\/reduktionmittel-einduesung-fuer-scr-systeme\/","url":"https:\/\/huhes.de\/de\/scr-technologien-und-regularien\/reduktionmittel-einduesung-fuer-scr-systeme\/","name":"Wie kommt das Reduktionsmittel zu den Stickoxiden?","isPartOf":{"@id":"https:\/\/huhes.de\/de\/#website"},"primaryImageOfPage":{"@id":"https:\/\/huhes.de\/de\/scr-technologien-und-regularien\/reduktionmittel-einduesung-fuer-scr-systeme\/#primaryimage"},"image":{"@id":"https:\/\/huhes.de\/de\/scr-technologien-und-regularien\/reduktionmittel-einduesung-fuer-scr-systeme\/#primaryimage"},"thumbnailUrl":"https:\/\/huhes.de\/wp-content\/uploads\/2022\/12\/Huhes__Ammoniak_Einduesung_Header-scaled.jpg","datePublished":"2022-11-07T18:21:50+00:00","dateModified":"2024-07-26T12:12:55+00:00","description":"Injektion von Ammoniak - H+H erkl\u00e4rt die Reduktionmittel-Eind\u00fcsung f\u00fcr SCR-Systeme\u2713 Interessant? \u25ba Informieren Sie sich jetzt!","breadcrumb":{"@id":"https:\/\/huhes.de\/de\/scr-technologien-und-regularien\/reduktionmittel-einduesung-fuer-scr-systeme\/#breadcrumb"},"inLanguage":"de","potentialAction":[{"@type":"ReadAction","target":["https:\/\/huhes.de\/de\/scr-technologien-und-regularien\/reduktionmittel-einduesung-fuer-scr-systeme\/"]}]},{"@type":"ImageObject","inLanguage":"de","@id":"https:\/\/huhes.de\/de\/scr-technologien-und-regularien\/reduktionmittel-einduesung-fuer-scr-systeme\/#primaryimage","url":"https:\/\/huhes.de\/wp-content\/uploads\/2022\/12\/Huhes__Ammoniak_Einduesung_Header-scaled.jpg","contentUrl":"https:\/\/huhes.de\/wp-content\/uploads\/2022\/12\/Huhes__Ammoniak_Einduesung_Header-scaled.jpg","width":2560,"height":796,"caption":"Reduktionmittel-Eind\u00fcsung f\u00fcr SCR-Systeme"},{"@type":"BreadcrumbList","@id":"https:\/\/huhes.de\/de\/scr-technologien-und-regularien\/reduktionmittel-einduesung-fuer-scr-systeme\/#breadcrumb","itemListElement":[{"@type":"ListItem","position":1,"name":"Startseite","item":"https:\/\/huhes.de\/de\/"},{"@type":"ListItem","position":2,"name":"SCR Technologien und Regularien","item":"https:\/\/huhes.de\/de\/scr-technologien-und-regularien\/"},{"@type":"ListItem","position":3,"name":"Reduktionmittel-Eind\u00fcsung f\u00fcr SCR-Systeme"}]},{"@type":"WebSite","@id":"https:\/\/huhes.de\/de\/#website","url":"https:\/\/huhes.de\/de\/","name":"H+H Engineering & Service GmbH","description":"","publisher":{"@id":"https:\/\/huhes.de\/de\/#organization"},"potentialAction":[{"@type":"SearchAction","target":{"@type":"EntryPoint","urlTemplate":"https:\/\/huhes.de\/de\/?s={search_term_string}"},"query-input":{"@type":"PropertyValueSpecification","valueRequired":true,"valueName":"search_term_string"}}],"inLanguage":"de"},{"@type":"Organization","@id":"https:\/\/huhes.de\/de\/#organization","name":"H+H Engineering & Service GmbH","alternateName":"H+H","url":"https:\/\/huhes.de\/de\/","logo":{"@type":"ImageObject","inLanguage":"de","@id":"https:\/\/huhes.de\/de\/#\/schema\/logo\/image\/","url":"https:\/\/huhes.de\/wp-content\/uploads\/2023\/04\/favicon.jpg","contentUrl":"https:\/\/huhes.de\/wp-content\/uploads\/2023\/04\/favicon.jpg","width":70,"height":71,"caption":"H+H Engineering & Service GmbH"},"image":{"@id":"https:\/\/huhes.de\/de\/#\/schema\/logo\/image\/"},"sameAs":["https:\/\/www.facebook.com\/www.huhes.de","https:\/\/www.linkedin.com\/company\/h-h-engineering-&-service-gmbh\/","https:\/\/www.instagram.com\/huhes.cleanairforall\/"]}]}},"_links":{"self":[{"href":"https:\/\/huhes.de\/de\/wp-json\/wp\/v2\/pages\/50","targetHints":{"allow":["GET"]}}],"collection":[{"href":"https:\/\/huhes.de\/de\/wp-json\/wp\/v2\/pages"}],"about":[{"href":"https:\/\/huhes.de\/de\/wp-json\/wp\/v2\/types\/page"}],"author":[{"embeddable":true,"href":"https:\/\/huhes.de\/de\/wp-json\/wp\/v2\/users\/8"}],"replies":[{"embeddable":true,"href":"https:\/\/huhes.de\/de\/wp-json\/wp\/v2\/comments?post=50"}],"version-history":[{"count":26,"href":"https:\/\/huhes.de\/de\/wp-json\/wp\/v2\/pages\/50\/revisions"}],"predecessor-version":[{"id":3668,"href":"https:\/\/huhes.de\/de\/wp-json\/wp\/v2\/pages\/50\/revisions\/3668"}],"up":[{"embeddable":true,"href":"https:\/\/huhes.de\/de\/wp-json\/wp\/v2\/pages\/12"}],"wp:featuredmedia":[{"embeddable":true,"href":"https:\/\/huhes.de\/de\/wp-json\/wp\/v2\/media\/762"}],"wp:attachment":[{"href":"https:\/\/huhes.de\/de\/wp-json\/wp\/v2\/media?parent=50"}],"curies":[{"name":"wp","href":"https:\/\/api.w.org\/{rel}","templated":true}]}}