{"id":60,"date":"2022-11-07T20:22:40","date_gmt":"2022-11-07T19:22:40","guid":{"rendered":"https:\/\/huhes.de\/?page_id=60"},"modified":"2025-05-21T20:49:18","modified_gmt":"2025-05-21T18:49:18","slug":"impressum","status":"publish","type":"page","link":"https:\/\/huhes.de\/de\/impressum\/","title":{"rendered":"Impressum"},"content":{"rendered":"\n<h2 class=\"wp-block-heading\" id=\"h-impressum\">Impressum<\/h2>\n\n\n\n<p><strong>H+H Engineering &amp; Service GmbH<\/strong><\/p>\n\n\n\n<p>Birkenleite 2 <br>96242 Sonnefeld \/ OT Neuses am Brand <br>Telefon: <a href=\"tel:+499562400630\">+49 (0)9562\/40063-0<\/a><\/p>\n\n\n\n<p>E-Mail:&nbsp;<a href=\"mailto:info@huhes.de\">info@huhes.de<\/a> <br>Internet: www.huhes.de<\/p>\n\n\n\n<p>Vertretungsberechtigter Gesch\u00e4ftsf\u00fchrer: Dr. Thomas Ritter, J\u00fcrgen M\u00fcller<\/p>\n\n\n\n<p>Registergericht: Coburg <br>Registernummer: HRB 4317<\/p>\n\n\n\n<p>Umsatzsteuer-Identifikationsnummer gem\u00e4\u00df \u00a7 27 a Umsatzsteuergesetz: DE 255173752<\/p>\n\n\n\n<p><br><br><strong>Verantwortlich f\u00fcr den Inhalt nach \u00a7 55 Abs. 2 RStV:<\/strong> <br>Dr. Thomas Ritter <br>H+H Engineering &amp; Service GmbH <br>Birkenleite 2 <br>96242 Sonnefeld \/ OT Neuses am Brand<\/p>\n\n\n\n<p><br><br><strong>Haftungsausschluss<\/strong><\/p>\n\n\n\n<p><strong>Haftung f\u00fcr Inhalte<\/strong><\/p>\n\n\n\n<p>Die Inhalte unserer Seiten wurden mit gr\u00f6\u00dfter Sorgfalt erstellt. F\u00fcr die Richtigkeit, Vollst\u00e4ndigkeit und Aktualit\u00e4t der Inhalte k\u00f6nnen wir jedoch keine Gew\u00e4hr \u00fcbernehmen. Als Diensteanbieter sind wir gem\u00e4\u00df \u00a7 7 Abs.1 TMG f\u00fcr eigene Inhalte auf diesen Seiten nach den allgemeinen Gesetzen verantwortlich. Nach \u00a7\u00a7 8 bis 10 TMG sind wir als Diensteanbieter jedoch nicht verpflichtet, \u00fcbermittelte oder gespeicherte fremde Informationen zu \u00fcberwachen oder nach Umst\u00e4nden zu forschen, die auf eine rechtswidrige T\u00e4tigkeit hinweisen. Verpflichtungen zur Entfernung oder Sperrung der Nutzung von Informationen nach den allgemeinen Gesetzen bleiben hiervon unber\u00fchrt. Eine diesbez\u00fcgliche Haftung ist jedoch erst ab dem Zeitpunkt der Kenntnis einer konkreten Rechtsverletzung m\u00f6glich. Bei Bekanntwerden von entsprechenden Rechtsverletzungen werden wir diese Inhalte umgehend entfernen.<\/p>\n\n\n\n<p><strong>Haftung f\u00fcr Links<\/strong><\/p>\n\n\n\n<p>Unser Angebot enth\u00e4lt Links zu externen Webseiten Dritter, auf deren Inhalte wir keinen Einfluss haben. Deshalb k\u00f6nnen wir f\u00fcr diese fremden Inhalte auch keine Gew\u00e4hr \u00fcbernehmen. F\u00fcr die Inhalte der verlinkten Seiten ist stets der jeweilige Anbieter oder Betreiber der Seiten verantwortlich. Die verlinkten Seiten wurden zum Zeitpunkt der Verlinkung auf m\u00f6gliche Rechtsverst\u00f6\u00dfe \u00fcberpr\u00fcft. Rechtswidrige Inhalte waren zum Zeitpunkt der Verlinkung nicht erkennbar. Eine permanente inhaltliche Kontrolle der verlinkten Seiten ist jedoch ohne konkrete Anhaltspunkte einer Rechtsverletzung nicht zumutbar. Bei Bekanntwerden von Rechtsverletzungen werden wir derartige Links umgehend entfernen.<\/p>\n\n\n\n<p><strong>Urheberrecht<\/strong><\/p>\n\n\n\n<p>Die durch die Seitenbetreiber erstellten Inhalte und Werke auf diesen Seiten unterliegen dem deutschen Urheberrecht. Die Vervielf\u00e4ltigung, Bearbeitung, Verbreitung und jede Art der Verwertung au\u00dferhalb der Grenzen des Urheberrechtes bed\u00fcrfen der schriftlichen Zustimmung des jeweiligen Autors bzw. Erstellers. Downloads und Kopien dieser Seite sind nur f\u00fcr den privaten, nicht kommerziellen Gebrauch gestattet. Soweit die Inhalte auf dieser Seite nicht vom Betreiber erstellt wurden, werden die Urheberrechte Dritter beachtet. Insbesondere werden Inhalte Dritter als solche gekennzeichnet. Sollten Sie trotzdem auf eine Urheberrechtsverletzung aufmerksam werden, bitten wir um einen entsprechenden Hinweis. Bei Bekanntwerden von Rechtsverletzungen werden wir derartige Inhalte umgehend entfernen.<\/p>\n\n\n\n<p><br><br><strong>Konzept, Webdesign und Fotografie<\/strong> <br><br>Die Webseite wurde konzipiert, designed und programmiert von der Werbeagentur Jung aus Michelau, nahe Bamberg.<\/p>\n\n\n\n<p><a href=\"http:\/\/www.jung.agency\/\" target=\"_blank\" rel=\"noreferrer noopener\">www.jung.agency<\/a><\/p>\n\n\n\n<p>T: <a href=\"tel:+4995719496611\">+49 9571 9496611<\/a><br>E:&nbsp;<a href=\"mailto:mail@jung.agency\">mail@jung.agency<\/a><\/p>\n","protected":false},"excerpt":{"rendered":"<p>Impressum H+H Engineering &amp; Service GmbH Birkenleite 2 96242 Sonnefeld \/ OT Neuses am Brand Telefon: +49 (0)9562\/40063-0 E-Mail:&nbsp;info@huhes.de Internet: www.huhes.de Vertretungsberechtigter Gesch\u00e4ftsf\u00fchrer: Dr. Thomas Ritter, J\u00fcrgen M\u00fcller Registergericht: Coburg Registernummer: HRB 4317 Umsatzsteuer-Identifikationsnummer gem\u00e4\u00df \u00a7 27 a Umsatzsteuergesetz: DE 255173752 Verantwortlich f\u00fcr den Inhalt nach \u00a7 55 Abs. 2 RStV: Dr. Thomas Ritter H+H&hellip; <a class=\"more-link\" href=\"https:\/\/huhes.de\/de\/impressum\/\"><span class=\"screen-reader-text\">Impressum<\/span> weiterlesen<\/a><\/p>\n","protected":false},"author":8,"featured_media":0,"parent":0,"menu_order":38,"comment_status":"closed","ping_status":"closed","template":"","meta":{"_acf_changed":false,"inline_featured_image":false,"footnotes":""},"class_list":["post-60","page","type-page","status-publish","hentry","entry"],"acf":[],"yoast_head":"<!-- This site is optimized with the Yoast SEO Premium plugin v27.3 (Yoast SEO v27.3) - https:\/\/yoast.com\/product\/yoast-seo-premium-wordpress\/ -->\n<title>Impressum<\/title>\n<meta name=\"robots\" content=\"index, follow, max-snippet:-1, max-image-preview:large, max-video-preview:-1\" \/>\n<link rel=\"canonical\" href=\"https:\/\/huhes.de\/de\/impressum\/\" \/>\n<meta property=\"og:locale\" content=\"de_DE\" \/>\n<meta property=\"og:type\" content=\"article\" \/>\n<meta property=\"og:title\" content=\"Impressum\" \/>\n<meta property=\"og:description\" content=\"Impressum H+H Engineering &amp; Service GmbH Birkenleite 2 96242 Sonnefeld \/ OT Neuses am Brand Telefon: +49 (0)9562\/40063-0 E-Mail:&nbsp;info@huhes.de Internet: www.huhes.de Vertretungsberechtigter Gesch\u00e4ftsf\u00fchrer: Dr. Thomas Ritter, J\u00fcrgen M\u00fcller Registergericht: Coburg Registernummer: HRB 4317 Umsatzsteuer-Identifikationsnummer gem\u00e4\u00df \u00a7 27 a Umsatzsteuergesetz: DE 255173752 Verantwortlich f\u00fcr den Inhalt nach \u00a7 55 Abs. 2 RStV: Dr. Thomas Ritter H+H&hellip; Impressum weiterlesen\" \/>\n<meta property=\"og:url\" content=\"https:\/\/huhes.de\/de\/impressum\/\" \/>\n<meta property=\"og:site_name\" content=\"H+H Engineering &amp; Service GmbH\" \/>\n<meta property=\"article:publisher\" content=\"https:\/\/www.facebook.com\/www.huhes.de\" \/>\n<meta property=\"article:modified_time\" content=\"2025-05-21T18:49:18+00:00\" \/>\n<meta name=\"twitter:card\" content=\"summary_large_image\" \/>\n<meta name=\"twitter:label1\" content=\"Gesch\u00e4tzte Lesezeit\" \/>\n\t<meta name=\"twitter:data1\" content=\"3\u00a0Minuten\" \/>\n<script type=\"application\/ld+json\" class=\"yoast-schema-graph\">{\"@context\":\"https:\\\/\\\/schema.org\",\"@graph\":[{\"@type\":\"WebPage\",\"@id\":\"https:\\\/\\\/huhes.de\\\/de\\\/impressum\\\/\",\"url\":\"https:\\\/\\\/huhes.de\\\/de\\\/impressum\\\/\",\"name\":\"Impressum\",\"isPartOf\":{\"@id\":\"https:\\\/\\\/huhes.de\\\/de\\\/#website\"},\"datePublished\":\"2022-11-07T19:22:40+00:00\",\"dateModified\":\"2025-05-21T18:49:18+00:00\",\"breadcrumb\":{\"@id\":\"https:\\\/\\\/huhes.de\\\/de\\\/impressum\\\/#breadcrumb\"},\"inLanguage\":\"de\",\"potentialAction\":[{\"@type\":\"ReadAction\",\"target\":[\"https:\\\/\\\/huhes.de\\\/de\\\/impressum\\\/\"]}]},{\"@type\":\"BreadcrumbList\",\"@id\":\"https:\\\/\\\/huhes.de\\\/de\\\/impressum\\\/#breadcrumb\",\"itemListElement\":[{\"@type\":\"ListItem\",\"position\":1,\"name\":\"Startseite\",\"item\":\"https:\\\/\\\/huhes.de\\\/de\\\/\"},{\"@type\":\"ListItem\",\"position\":2,\"name\":\"Impressum\"}]},{\"@type\":\"WebSite\",\"@id\":\"https:\\\/\\\/huhes.de\\\/de\\\/#website\",\"url\":\"https:\\\/\\\/huhes.de\\\/de\\\/\",\"name\":\"H+H Engineering & Service GmbH\",\"description\":\"\",\"publisher\":{\"@id\":\"https:\\\/\\\/huhes.de\\\/de\\\/#organization\"},\"potentialAction\":[{\"@type\":\"SearchAction\",\"target\":{\"@type\":\"EntryPoint\",\"urlTemplate\":\"https:\\\/\\\/huhes.de\\\/de\\\/?s={search_term_string}\"},\"query-input\":{\"@type\":\"PropertyValueSpecification\",\"valueRequired\":true,\"valueName\":\"search_term_string\"}}],\"inLanguage\":\"de\"},{\"@type\":\"Organization\",\"@id\":\"https:\\\/\\\/huhes.de\\\/de\\\/#organization\",\"name\":\"H+H Engineering & Service GmbH\",\"alternateName\":\"H+H\",\"url\":\"https:\\\/\\\/huhes.de\\\/de\\\/\",\"logo\":{\"@type\":\"ImageObject\",\"inLanguage\":\"de\",\"@id\":\"https:\\\/\\\/huhes.de\\\/de\\\/#\\\/schema\\\/logo\\\/image\\\/\",\"url\":\"https:\\\/\\\/huhes.de\\\/wp-content\\\/uploads\\\/2023\\\/04\\\/favicon.jpg\",\"contentUrl\":\"https:\\\/\\\/huhes.de\\\/wp-content\\\/uploads\\\/2023\\\/04\\\/favicon.jpg\",\"width\":70,\"height\":71,\"caption\":\"H+H Engineering & Service GmbH\"},\"image\":{\"@id\":\"https:\\\/\\\/huhes.de\\\/de\\\/#\\\/schema\\\/logo\\\/image\\\/\"},\"sameAs\":[\"https:\\\/\\\/www.facebook.com\\\/www.huhes.de\",\"https:\\\/\\\/www.linkedin.com\\\/company\\\/h-h-engineering-&-service-gmbh\\\/\",\"https:\\\/\\\/www.instagram.com\\\/huhes.cleanairforall\\\/\"]}]}<\/script>\n<!-- \/ Yoast SEO Premium plugin. -->","yoast_head_json":{"title":"Impressum","robots":{"index":"index","follow":"follow","max-snippet":"max-snippet:-1","max-image-preview":"max-image-preview:large","max-video-preview":"max-video-preview:-1"},"canonical":"https:\/\/huhes.de\/de\/impressum\/","og_locale":"de_DE","og_type":"article","og_title":"Impressum","og_description":"Impressum H+H Engineering &amp; Service GmbH Birkenleite 2 96242 Sonnefeld \/ OT Neuses am Brand Telefon: +49 (0)9562\/40063-0 E-Mail:&nbsp;info@huhes.de Internet: www.huhes.de Vertretungsberechtigter Gesch\u00e4ftsf\u00fchrer: Dr. Thomas Ritter, J\u00fcrgen M\u00fcller Registergericht: Coburg Registernummer: HRB 4317 Umsatzsteuer-Identifikationsnummer gem\u00e4\u00df \u00a7 27 a Umsatzsteuergesetz: DE 255173752 Verantwortlich f\u00fcr den Inhalt nach \u00a7 55 Abs. 2 RStV: Dr. Thomas Ritter H+H&hellip; Impressum weiterlesen","og_url":"https:\/\/huhes.de\/de\/impressum\/","og_site_name":"H+H Engineering &amp; Service GmbH","article_publisher":"https:\/\/www.facebook.com\/www.huhes.de","article_modified_time":"2025-05-21T18:49:18+00:00","twitter_card":"summary_large_image","twitter_misc":{"Gesch\u00e4tzte Lesezeit":"3\u00a0Minuten"},"schema":{"@context":"https:\/\/schema.org","@graph":[{"@type":"WebPage","@id":"https:\/\/huhes.de\/de\/impressum\/","url":"https:\/\/huhes.de\/de\/impressum\/","name":"Impressum","isPartOf":{"@id":"https:\/\/huhes.de\/de\/#website"},"datePublished":"2022-11-07T19:22:40+00:00","dateModified":"2025-05-21T18:49:18+00:00","breadcrumb":{"@id":"https:\/\/huhes.de\/de\/impressum\/#breadcrumb"},"inLanguage":"de","potentialAction":[{"@type":"ReadAction","target":["https:\/\/huhes.de\/de\/impressum\/"]}]},{"@type":"BreadcrumbList","@id":"https:\/\/huhes.de\/de\/impressum\/#breadcrumb","itemListElement":[{"@type":"ListItem","position":1,"name":"Startseite","item":"https:\/\/huhes.de\/de\/"},{"@type":"ListItem","position":2,"name":"Impressum"}]},{"@type":"WebSite","@id":"https:\/\/huhes.de\/de\/#website","url":"https:\/\/huhes.de\/de\/","name":"H+H Engineering & Service GmbH","description":"","publisher":{"@id":"https:\/\/huhes.de\/de\/#organization"},"potentialAction":[{"@type":"SearchAction","target":{"@type":"EntryPoint","urlTemplate":"https:\/\/huhes.de\/de\/?s={search_term_string}"},"query-input":{"@type":"PropertyValueSpecification","valueRequired":true,"valueName":"search_term_string"}}],"inLanguage":"de"},{"@type":"Organization","@id":"https:\/\/huhes.de\/de\/#organization","name":"H+H Engineering & Service GmbH","alternateName":"H+H","url":"https:\/\/huhes.de\/de\/","logo":{"@type":"ImageObject","inLanguage":"de","@id":"https:\/\/huhes.de\/de\/#\/schema\/logo\/image\/","url":"https:\/\/huhes.de\/wp-content\/uploads\/2023\/04\/favicon.jpg","contentUrl":"https:\/\/huhes.de\/wp-content\/uploads\/2023\/04\/favicon.jpg","width":70,"height":71,"caption":"H+H Engineering & Service GmbH"},"image":{"@id":"https:\/\/huhes.de\/de\/#\/schema\/logo\/image\/"},"sameAs":["https:\/\/www.facebook.com\/www.huhes.de","https:\/\/www.linkedin.com\/company\/h-h-engineering-&-service-gmbh\/","https:\/\/www.instagram.com\/huhes.cleanairforall\/"]}]}},"_links":{"self":[{"href":"https:\/\/huhes.de\/de\/wp-json\/wp\/v2\/pages\/60","targetHints":{"allow":["GET"]}}],"collection":[{"href":"https:\/\/huhes.de\/de\/wp-json\/wp\/v2\/pages"}],"about":[{"href":"https:\/\/huhes.de\/de\/wp-json\/wp\/v2\/types\/page"}],"author":[{"embeddable":true,"href":"https:\/\/huhes.de\/de\/wp-json\/wp\/v2\/users\/8"}],"replies":[{"embeddable":true,"href":"https:\/\/huhes.de\/de\/wp-json\/wp\/v2\/comments?post=60"}],"version-history":[{"count":12,"href":"https:\/\/huhes.de\/de\/wp-json\/wp\/v2\/pages\/60\/revisions"}],"predecessor-version":[{"id":6222,"href":"https:\/\/huhes.de\/de\/wp-json\/wp\/v2\/pages\/60\/revisions\/6222"}],"wp:attachment":[{"href":"https:\/\/huhes.de\/de\/wp-json\/wp\/v2\/media?parent=60"}],"curies":[{"name":"wp","href":"https:\/\/api.w.org\/{rel}","templated":true}]}}