{"id":8,"date":"2022-11-07T14:01:11","date_gmt":"2022-11-07T13:01:11","guid":{"rendered":"https:\/\/huhes.de\/?page_id=8"},"modified":"2024-07-31T10:35:07","modified_gmt":"2024-07-31T08:35:07","slug":"unternehmen","status":"publish","type":"page","link":"https:\/\/huhes.de\/de\/unternehmen\/","title":{"rendered":"Unternehmen"},"content":{"rendered":"\n<h4 class=\"wp-block-heading\" id=\"h-your-partner-for-exhaust-gas-and-air-treatment-technology\">Your partner for exhaust gas and air treatment technology<\/h4>\n\n\n\n<h1 class=\"wp-block-heading\" id=\"h-h-h-engineering-amp-service\">H+H Engineering &amp; Service<\/h1>\n\n\n\n<p>Environmental protection in the area of&nbsp;<span class=\"boldE\">exhaust gas<\/span>&nbsp;and&nbsp;<span class=\"boldE\">air treatment technology<\/span>&nbsp;involves more than the choice of the<br>appropriate technology. Only a sophisticated and detailed concept suited to your processes and procedures can enable<br>the achievement of a balance between efficiency and sustainability.&nbsp;<\/p>\n\n\n\n<p>Since 2007 H+H Engineering &amp; Service GmbH is a leading supplier of SCR (DeNOx) Systems for exhaust gas and air treatment<br>technology for&nbsp;<span class=\"boldE\">stationary combustion engines<\/span>&nbsp;(diesel, gas, dual fuel, bio oil and rapeseed oil), for&nbsp;<span class=\"boldE\">non-engine combustion processes<\/span><br>(biomass, glass furnace, SNCR-SCR combination, industrial boilers),&nbsp;<strong>marine engines<\/strong>&nbsp;(Cargo, Cruise, Fishing, Fish Farming, Offshore,<br>Research, Wind Farm Supply) as well as for&nbsp;<strong>CO<sub>2<\/sub>&nbsp;Systems for greenhouses<\/strong>.<\/p>\n\n\n\n<div class=\"wp-block-columns width has-background is-layout-flex wp-container-core-columns-is-layout-9d6595d7 wp-block-columns-is-layout-flex\" style=\"background-color:#f8f8f8\">\n<div class=\"wp-block-column is-layout-flow wp-block-column-is-layout-flow\">\n<div class=\"wp-block-columns is-layout-flex wp-container-core-columns-is-layout-9d6595d7 wp-block-columns-is-layout-flex\">\n<div class=\"wp-block-column is-layout-flow wp-block-column-is-layout-flow\">\n<h3 class=\"wp-block-heading\" id=\"h-quality-made-in-germany\">Quality made in Germany<\/h3>\n\n\n\n<p>As one of the most experienced company in this technology we offer all components just as the SCR\/oxidation catalyst, SCR housing, urea pump, compressor, dosing unit, PLC, urea nozzle and NOx analyzer from one source and&nbsp;<strong>100% made in Germany.<\/strong><\/p>\n\n\n\n<p>Our core competences include catalyst design, development, PLC Programming and Commissioning as well as Service and Maintenance.&nbsp; Especially our flexibility in variable and small sizes of SCR catalyst and our experience in service on more than 750 SCR installations worldwide belong to our strengths. The team around H+H Managing Directors Dipl. Ing. Hartmut Ritter and J\u00fcrgen M\u00fcller has&nbsp;<span class=\"boldE\">more than 30 years of experience in this highly specialized field of business&nbsp;and established a network of worldwide partners, thus providing fast and efficient service throughout the whole world.<\/span><\/p>\n<\/div>\n<\/div>\n<\/div>\n<\/div>\n\n\n\n<h3 class=\"wp-block-heading\" id=\"h-auf-einen-blick\">Auf einen Blick<\/h3>\n\n\n\n<div class=\"wp-block-columns is-layout-flex wp-container-core-columns-is-layout-9d6595d7 wp-block-columns-is-layout-flex\">\n<div class=\"wp-block-column is-layout-flow wp-block-column-is-layout-flow\">\n<figure class=\"wp-block-image size-large\"><img decoding=\"async\" src=\"https:\/\/huhes.de\/wp-content\/uploads\/2022\/11\/Huhes_Unternehmen_Historie.svg\" alt=\"Zu sehen ist die grafische Darstellung einer Zeitachse, auf der die unterschiedlichen Meilensteine des Unternehmens gekennzeichnet wurden.\" class=\"wp-image-124\"\/><\/figure>\n<\/div>\n<\/div>\n\n\n\n<p><\/p>\n","protected":false},"excerpt":{"rendered":"<p>Your partner for exhaust gas and air treatment technology H+H Engineering &amp; Service Environmental protection in the area of&nbsp;exhaust gas&nbsp;and&nbsp;air treatment technology&nbsp;involves more than the choice of theappropriate technology. Only a sophisticated and detailed concept suited to your processes and procedures can enablethe achievement of a balance between efficiency and sustainability.&nbsp; Since 2007 H+H Engineering&hellip; <a class=\"more-link\" href=\"https:\/\/huhes.de\/de\/unternehmen\/\"><span class=\"screen-reader-text\">Unternehmen<\/span> weiterlesen<\/a><\/p>\n","protected":false},"author":8,"featured_media":100,"parent":0,"menu_order":34,"comment_status":"closed","ping_status":"closed","template":"","meta":{"_acf_changed":false,"inline_featured_image":false,"footnotes":""},"class_list":["post-8","page","type-page","status-publish","has-post-thumbnail","hentry","entry"],"acf":[],"yoast_head":"<!-- This site is optimized with the Yoast SEO Premium plugin v27.3 (Yoast SEO v27.4) - https:\/\/yoast.com\/product\/yoast-seo-premium-wordpress\/ -->\n<title>H + H - Ihr Partner f\u00fcr SCR Technologien<\/title>\n<meta name=\"description\" content=\"H+H: Ihr Partner f\u00fcr Abgasreinigung und Luftreinhaltung. Ma\u00dfgeschneiderte SCR-L\u00f6sungen f\u00fcr Motoren, industrielle Prozesse und Gew\u00e4chsh\u00e4user.\" \/>\n<meta name=\"robots\" content=\"index, follow, max-snippet:-1, max-image-preview:large, max-video-preview:-1\" \/>\n<link rel=\"canonical\" href=\"https:\/\/huhes.de\/de\/unternehmen\/\" \/>\n<meta property=\"og:locale\" content=\"de_DE\" \/>\n<meta property=\"og:type\" content=\"article\" \/>\n<meta property=\"og:title\" content=\"Unternehmen\" \/>\n<meta property=\"og:description\" content=\"H+H: Ihr Partner f\u00fcr Abgasreinigung und Luftreinhaltung. Ma\u00dfgeschneiderte SCR-L\u00f6sungen f\u00fcr Motoren, industrielle Prozesse und Gew\u00e4chsh\u00e4user.\" \/>\n<meta property=\"og:url\" content=\"https:\/\/huhes.de\/de\/unternehmen\/\" \/>\n<meta property=\"og:site_name\" content=\"H+H Engineering &amp; Service GmbH\" \/>\n<meta property=\"article:publisher\" content=\"https:\/\/www.facebook.com\/www.huhes.de\" \/>\n<meta property=\"article:modified_time\" content=\"2024-07-31T08:35:07+00:00\" \/>\n<meta property=\"og:image\" content=\"https:\/\/huhes.de\/wp-content\/uploads\/2022\/11\/Huhes_Unternehmen_Header-scaled.jpg\" \/>\n\t<meta property=\"og:image:width\" content=\"2560\" \/>\n\t<meta property=\"og:image:height\" content=\"796\" \/>\n\t<meta property=\"og:image:type\" content=\"image\/jpeg\" \/>\n<meta name=\"twitter:card\" content=\"summary_large_image\" \/>\n<meta name=\"twitter:label1\" content=\"Gesch\u00e4tzte Lesezeit\" \/>\n\t<meta name=\"twitter:data1\" content=\"2\u00a0Minuten\" \/>\n<script type=\"application\/ld+json\" class=\"yoast-schema-graph\">{\"@context\":\"https:\\\/\\\/schema.org\",\"@graph\":[{\"@type\":\"WebPage\",\"@id\":\"https:\\\/\\\/huhes.de\\\/de\\\/unternehmen\\\/\",\"url\":\"https:\\\/\\\/huhes.de\\\/de\\\/unternehmen\\\/\",\"name\":\"H + H - Ihr Partner f\u00fcr SCR Technologien\",\"isPartOf\":{\"@id\":\"https:\\\/\\\/huhes.de\\\/de\\\/#website\"},\"primaryImageOfPage\":{\"@id\":\"https:\\\/\\\/huhes.de\\\/de\\\/unternehmen\\\/#primaryimage\"},\"image\":{\"@id\":\"https:\\\/\\\/huhes.de\\\/de\\\/unternehmen\\\/#primaryimage\"},\"thumbnailUrl\":\"https:\\\/\\\/huhes.de\\\/wp-content\\\/uploads\\\/2022\\\/11\\\/Huhes_Unternehmen_Header-scaled.jpg\",\"datePublished\":\"2022-11-07T13:01:11+00:00\",\"dateModified\":\"2024-07-31T08:35:07+00:00\",\"description\":\"H+H: Ihr Partner f\u00fcr Abgasreinigung und Luftreinhaltung. Ma\u00dfgeschneiderte SCR-L\u00f6sungen f\u00fcr Motoren, industrielle Prozesse und Gew\u00e4chsh\u00e4user.\",\"breadcrumb\":{\"@id\":\"https:\\\/\\\/huhes.de\\\/de\\\/unternehmen\\\/#breadcrumb\"},\"inLanguage\":\"de\",\"potentialAction\":[{\"@type\":\"ReadAction\",\"target\":[\"https:\\\/\\\/huhes.de\\\/de\\\/unternehmen\\\/\"]}]},{\"@type\":\"ImageObject\",\"inLanguage\":\"de\",\"@id\":\"https:\\\/\\\/huhes.de\\\/de\\\/unternehmen\\\/#primaryimage\",\"url\":\"https:\\\/\\\/huhes.de\\\/wp-content\\\/uploads\\\/2022\\\/11\\\/Huhes_Unternehmen_Header-scaled.jpg\",\"contentUrl\":\"https:\\\/\\\/huhes.de\\\/wp-content\\\/uploads\\\/2022\\\/11\\\/Huhes_Unternehmen_Header-scaled.jpg\",\"width\":2560,\"height\":796,\"caption\":\"Seit \u00fcber 30 Jahren innovative L\u00f6sungen\"},{\"@type\":\"BreadcrumbList\",\"@id\":\"https:\\\/\\\/huhes.de\\\/de\\\/unternehmen\\\/#breadcrumb\",\"itemListElement\":[{\"@type\":\"ListItem\",\"position\":1,\"name\":\"Startseite\",\"item\":\"https:\\\/\\\/huhes.de\\\/de\\\/\"},{\"@type\":\"ListItem\",\"position\":2,\"name\":\"Unternehmen\"}]},{\"@type\":\"WebSite\",\"@id\":\"https:\\\/\\\/huhes.de\\\/de\\\/#website\",\"url\":\"https:\\\/\\\/huhes.de\\\/de\\\/\",\"name\":\"H+H Engineering & Service GmbH\",\"description\":\"\",\"publisher\":{\"@id\":\"https:\\\/\\\/huhes.de\\\/de\\\/#organization\"},\"potentialAction\":[{\"@type\":\"SearchAction\",\"target\":{\"@type\":\"EntryPoint\",\"urlTemplate\":\"https:\\\/\\\/huhes.de\\\/de\\\/?s={search_term_string}\"},\"query-input\":{\"@type\":\"PropertyValueSpecification\",\"valueRequired\":true,\"valueName\":\"search_term_string\"}}],\"inLanguage\":\"de\"},{\"@type\":\"Organization\",\"@id\":\"https:\\\/\\\/huhes.de\\\/de\\\/#organization\",\"name\":\"H+H Engineering & Service GmbH\",\"alternateName\":\"H+H\",\"url\":\"https:\\\/\\\/huhes.de\\\/de\\\/\",\"logo\":{\"@type\":\"ImageObject\",\"inLanguage\":\"de\",\"@id\":\"https:\\\/\\\/huhes.de\\\/de\\\/#\\\/schema\\\/logo\\\/image\\\/\",\"url\":\"https:\\\/\\\/huhes.de\\\/wp-content\\\/uploads\\\/2023\\\/04\\\/favicon.jpg\",\"contentUrl\":\"https:\\\/\\\/huhes.de\\\/wp-content\\\/uploads\\\/2023\\\/04\\\/favicon.jpg\",\"width\":70,\"height\":71,\"caption\":\"H+H Engineering & Service GmbH\"},\"image\":{\"@id\":\"https:\\\/\\\/huhes.de\\\/de\\\/#\\\/schema\\\/logo\\\/image\\\/\"},\"sameAs\":[\"https:\\\/\\\/www.facebook.com\\\/www.huhes.de\",\"https:\\\/\\\/www.linkedin.com\\\/company\\\/h-h-engineering-&-service-gmbh\\\/\",\"https:\\\/\\\/www.instagram.com\\\/huhes.cleanairforall\\\/\"]}]}<\/script>\n<!-- \/ Yoast SEO Premium plugin. -->","yoast_head_json":{"title":"H + H - Ihr Partner f\u00fcr SCR Technologien","description":"H+H: Ihr Partner f\u00fcr Abgasreinigung und Luftreinhaltung. Ma\u00dfgeschneiderte SCR-L\u00f6sungen f\u00fcr Motoren, industrielle Prozesse und Gew\u00e4chsh\u00e4user.","robots":{"index":"index","follow":"follow","max-snippet":"max-snippet:-1","max-image-preview":"max-image-preview:large","max-video-preview":"max-video-preview:-1"},"canonical":"https:\/\/huhes.de\/de\/unternehmen\/","og_locale":"de_DE","og_type":"article","og_title":"Unternehmen","og_description":"H+H: Ihr Partner f\u00fcr Abgasreinigung und Luftreinhaltung. Ma\u00dfgeschneiderte SCR-L\u00f6sungen f\u00fcr Motoren, industrielle Prozesse und Gew\u00e4chsh\u00e4user.","og_url":"https:\/\/huhes.de\/de\/unternehmen\/","og_site_name":"H+H Engineering &amp; Service GmbH","article_publisher":"https:\/\/www.facebook.com\/www.huhes.de","article_modified_time":"2024-07-31T08:35:07+00:00","og_image":[{"width":2560,"height":796,"url":"https:\/\/huhes.de\/wp-content\/uploads\/2022\/11\/Huhes_Unternehmen_Header-scaled.jpg","type":"image\/jpeg"}],"twitter_card":"summary_large_image","twitter_misc":{"Gesch\u00e4tzte Lesezeit":"2\u00a0Minuten"},"schema":{"@context":"https:\/\/schema.org","@graph":[{"@type":"WebPage","@id":"https:\/\/huhes.de\/de\/unternehmen\/","url":"https:\/\/huhes.de\/de\/unternehmen\/","name":"H + H - Ihr Partner f\u00fcr SCR Technologien","isPartOf":{"@id":"https:\/\/huhes.de\/de\/#website"},"primaryImageOfPage":{"@id":"https:\/\/huhes.de\/de\/unternehmen\/#primaryimage"},"image":{"@id":"https:\/\/huhes.de\/de\/unternehmen\/#primaryimage"},"thumbnailUrl":"https:\/\/huhes.de\/wp-content\/uploads\/2022\/11\/Huhes_Unternehmen_Header-scaled.jpg","datePublished":"2022-11-07T13:01:11+00:00","dateModified":"2024-07-31T08:35:07+00:00","description":"H+H: Ihr Partner f\u00fcr Abgasreinigung und Luftreinhaltung. Ma\u00dfgeschneiderte SCR-L\u00f6sungen f\u00fcr Motoren, industrielle Prozesse und Gew\u00e4chsh\u00e4user.","breadcrumb":{"@id":"https:\/\/huhes.de\/de\/unternehmen\/#breadcrumb"},"inLanguage":"de","potentialAction":[{"@type":"ReadAction","target":["https:\/\/huhes.de\/de\/unternehmen\/"]}]},{"@type":"ImageObject","inLanguage":"de","@id":"https:\/\/huhes.de\/de\/unternehmen\/#primaryimage","url":"https:\/\/huhes.de\/wp-content\/uploads\/2022\/11\/Huhes_Unternehmen_Header-scaled.jpg","contentUrl":"https:\/\/huhes.de\/wp-content\/uploads\/2022\/11\/Huhes_Unternehmen_Header-scaled.jpg","width":2560,"height":796,"caption":"Seit \u00fcber 30 Jahren innovative L\u00f6sungen"},{"@type":"BreadcrumbList","@id":"https:\/\/huhes.de\/de\/unternehmen\/#breadcrumb","itemListElement":[{"@type":"ListItem","position":1,"name":"Startseite","item":"https:\/\/huhes.de\/de\/"},{"@type":"ListItem","position":2,"name":"Unternehmen"}]},{"@type":"WebSite","@id":"https:\/\/huhes.de\/de\/#website","url":"https:\/\/huhes.de\/de\/","name":"H+H Engineering & Service GmbH","description":"","publisher":{"@id":"https:\/\/huhes.de\/de\/#organization"},"potentialAction":[{"@type":"SearchAction","target":{"@type":"EntryPoint","urlTemplate":"https:\/\/huhes.de\/de\/?s={search_term_string}"},"query-input":{"@type":"PropertyValueSpecification","valueRequired":true,"valueName":"search_term_string"}}],"inLanguage":"de"},{"@type":"Organization","@id":"https:\/\/huhes.de\/de\/#organization","name":"H+H Engineering & Service GmbH","alternateName":"H+H","url":"https:\/\/huhes.de\/de\/","logo":{"@type":"ImageObject","inLanguage":"de","@id":"https:\/\/huhes.de\/de\/#\/schema\/logo\/image\/","url":"https:\/\/huhes.de\/wp-content\/uploads\/2023\/04\/favicon.jpg","contentUrl":"https:\/\/huhes.de\/wp-content\/uploads\/2023\/04\/favicon.jpg","width":70,"height":71,"caption":"H+H Engineering & Service GmbH"},"image":{"@id":"https:\/\/huhes.de\/de\/#\/schema\/logo\/image\/"},"sameAs":["https:\/\/www.facebook.com\/www.huhes.de","https:\/\/www.linkedin.com\/company\/h-h-engineering-&-service-gmbh\/","https:\/\/www.instagram.com\/huhes.cleanairforall\/"]}]}},"_links":{"self":[{"href":"https:\/\/huhes.de\/de\/wp-json\/wp\/v2\/pages\/8","targetHints":{"allow":["GET"]}}],"collection":[{"href":"https:\/\/huhes.de\/de\/wp-json\/wp\/v2\/pages"}],"about":[{"href":"https:\/\/huhes.de\/de\/wp-json\/wp\/v2\/types\/page"}],"author":[{"embeddable":true,"href":"https:\/\/huhes.de\/de\/wp-json\/wp\/v2\/users\/8"}],"replies":[{"embeddable":true,"href":"https:\/\/huhes.de\/de\/wp-json\/wp\/v2\/comments?post=8"}],"version-history":[{"count":38,"href":"https:\/\/huhes.de\/de\/wp-json\/wp\/v2\/pages\/8\/revisions"}],"predecessor-version":[{"id":5318,"href":"https:\/\/huhes.de\/de\/wp-json\/wp\/v2\/pages\/8\/revisions\/5318"}],"wp:featuredmedia":[{"embeddable":true,"href":"https:\/\/huhes.de\/de\/wp-json\/wp\/v2\/media\/100"}],"wp:attachment":[{"href":"https:\/\/huhes.de\/de\/wp-json\/wp\/v2\/media?parent=8"}],"curies":[{"name":"wp","href":"https:\/\/api.w.org\/{rel}","templated":true}]}}